{"id":4914,"date":"2024-02-09T09:07:27","date_gmt":"2024-02-09T09:07:27","guid":{"rendered":"http:\/\/lyrawellbeingdhu.swedencentral.cloudapp.azure.com\/?page_id=4914"},"modified":"2024-03-01T06:59:34","modified_gmt":"2024-03-01T06:59:34","slug":"lyra-international-health-safety-policy-statement","status":"publish","type":"page","link":"https:\/\/lyrawellbeing.hu\/hu\/lyra-international-health-safety-policy-statement\/","title":{"rendered":"Lyra International \u2013 Health &#038; Safety Policy Statement"},"content":{"rendered":"<div data-elementor-type=\"wp-page\" data-elementor-id=\"4914\" class=\"elementor elementor-4914\">\n\t\t\t\t\t\t<section class=\"elementor-section elementor-top-section elementor-element elementor-element-52ff067 elementor-section-boxed elementor-section-height-default elementor-section-height-default\" data-id=\"52ff067\" data-element_type=\"section\">\n\t\t\t\t\t\t<div class=\"elementor-container elementor-column-gap-custom\">\n\t\t\t\t\t<div class=\"elementor-column elementor-col-100 elementor-top-column elementor-element elementor-element-f7a0cd5\" data-id=\"f7a0cd5\" data-element_type=\"column\">\n\t\t\t<div class=\"elementor-widget-wrap elementor-element-populated\">\n\t\t\t\t\t\t<section class=\"elementor-section elementor-inner-section elementor-element elementor-element-6b8710a elementor-section-boxed elementor-section-height-default elementor-section-height-default\" data-id=\"6b8710a\" data-element_type=\"section\">\n\t\t\t\t\t\t<div class=\"elementor-container elementor-column-gap-no\">\n\t\t\t\t\t<div class=\"elementor-column elementor-col-100 elementor-inner-column elementor-element elementor-element-f625e0f\" data-id=\"f625e0f\" data-element_type=\"column\">\n\t\t\t<div class=\"elementor-widget-wrap elementor-element-populated\">\n\t\t\t\t\t\t<div class=\"elementor-element elementor-element-dec08bc elementor-widget elementor-widget-heading\" data-id=\"dec08bc\" data-element_type=\"widget\" data-widget_type=\"heading.default\">\n\t\t\t\t<div class=\"elementor-widget-container\">\n\t\t\t\t\t<h3 class=\"elementor-heading-title elementor-size-default\">Lyra International Holdings Ltd  \u2013 Health &amp; Safety Policy Statement<\/h3>\t\t\t\t<\/div>\n\t\t\t\t<\/div>\n\t\t\t\t\t<\/div>\n\t\t<\/div>\n\t\t\t\t\t<\/div>\n\t\t<\/section>\n\t\t\t\t<section class=\"elementor-section elementor-inner-section elementor-element elementor-element-d3fc9cf elementor-section-boxed elementor-section-height-default elementor-section-height-default\" data-id=\"d3fc9cf\" data-element_type=\"section\">\n\t\t\t\t\t\t<div class=\"elementor-container elementor-column-gap-no\">\n\t\t\t\t\t<div class=\"elementor-column elementor-col-100 elementor-inner-column elementor-element elementor-element-5ddc535\" data-id=\"5ddc535\" data-element_type=\"column\">\n\t\t\t<div class=\"elementor-widget-wrap elementor-element-populated\">\n\t\t\t\t\t\t<div class=\"elementor-element elementor-element-956e523 elementor-widget elementor-widget-heading\" data-id=\"956e523\" data-element_type=\"widget\" data-widget_type=\"heading.default\">\n\t\t\t\t<div class=\"elementor-widget-container\">\n\t\t\t\t\t<h3 class=\"elementor-heading-title elementor-size-default\">February 2024<\/h3>\t\t\t\t<\/div>\n\t\t\t\t<\/div>\n\t\t\t\t\t<\/div>\n\t\t<\/div>\n\t\t\t\t\t<\/div>\n\t\t<\/section>\n\t\t\t\t<section class=\"elementor-section elementor-inner-section elementor-element elementor-element-ef77b25 elementor-section-boxed elementor-section-height-default elementor-section-height-default\" data-id=\"ef77b25\" data-element_type=\"section\">\n\t\t\t\t\t\t<div class=\"elementor-container elementor-column-gap-no\">\n\t\t\t\t\t<div class=\"elementor-column elementor-col-100 elementor-inner-column elementor-element elementor-element-449bc0e\" data-id=\"449bc0e\" data-element_type=\"column\">\n\t\t\t<div class=\"elementor-widget-wrap elementor-element-populated\">\n\t\t\t\t\t\t<div class=\"elementor-element elementor-element-080cad4 elementor-widget elementor-widget-heading\" data-id=\"080cad4\" data-element_type=\"widget\" data-widget_type=\"heading.default\">\n\t\t\t\t<div class=\"elementor-widget-container\">\n\t\t\t\t\t<h3 class=\"elementor-heading-title elementor-size-default\">Statement of intent<\/h3>\t\t\t\t<\/div>\n\t\t\t\t<\/div>\n\t\t\t\t<div class=\"elementor-element elementor-element-987a37a elementor-widget elementor-widget-text-editor\" data-id=\"987a37a\" data-element_type=\"widget\" data-widget_type=\"text-editor.default\">\n\t\t\t\t<div class=\"elementor-widget-container\">\n\t\t\t\t\t\t\t\t\t<p><span style=\"font-weight: 400;\">Lyra International is committed to high standards of health and safety across the group. It is the policy of Lyra Health to look after the health and safety of its employees and visitors by:<br \/><br \/><\/span><\/p><ul><li style=\"font-weight: 400;\" aria-level=\"1\"><span style=\"font-weight: 400;\">complying with applicable health and safety law<\/span><\/li><li style=\"font-weight: 400;\" aria-level=\"1\"><span style=\"font-weight: 400;\">providing places of work and systems of work which are, so far as is reasonably practicable, safe and without risk to physical or mental health<\/span><\/li><li style=\"font-weight: 400;\" aria-level=\"1\"><span style=\"font-weight: 400;\">maintaining a culture of safety-consciousness<\/span><\/li><\/ul><p><span style=\"font-weight: 400;\"><br \/>The provisions in this policy apply to all legal entities in the Lyra International group. A Lyra International legal entity may additionally adopt more detailed policies and procedures to suit its particular business, legal and regulatory environment, provided they are consistent with this overall policy.<\/span><\/p>\t\t\t\t\t\t\t\t<\/div>\n\t\t\t\t<\/div>\n\t\t\t\t\t<\/div>\n\t\t<\/div>\n\t\t\t\t\t<\/div>\n\t\t<\/section>\n\t\t\t\t<section class=\"elementor-section elementor-inner-section elementor-element elementor-element-11fedd3 elementor-section-boxed elementor-section-height-default elementor-section-height-default\" data-id=\"11fedd3\" data-element_type=\"section\">\n\t\t\t\t\t\t<div class=\"elementor-container elementor-column-gap-no\">\n\t\t\t\t\t<div class=\"elementor-column elementor-col-100 elementor-inner-column elementor-element elementor-element-9d1b1ce\" data-id=\"9d1b1ce\" data-element_type=\"column\">\n\t\t\t<div class=\"elementor-widget-wrap elementor-element-populated\">\n\t\t\t\t\t\t<div class=\"elementor-element elementor-element-8fec6a0 elementor-widget elementor-widget-heading\" data-id=\"8fec6a0\" data-element_type=\"widget\" data-widget_type=\"heading.default\">\n\t\t\t\t<div class=\"elementor-widget-container\">\n\t\t\t\t\t<h3 class=\"elementor-heading-title elementor-size-default\">Responsibilities for health and safety<\/h3>\t\t\t\t<\/div>\n\t\t\t\t<\/div>\n\t\t\t\t<div class=\"elementor-element elementor-element-dd02db9 elementor-widget elementor-widget-text-editor\" data-id=\"dd02db9\" data-element_type=\"widget\" data-widget_type=\"text-editor.default\">\n\t\t\t\t<div class=\"elementor-widget-container\">\n\t\t\t\t\t\t\t\t\t<p><span style=\"font-weight: 400;\">The group Chief Executive Officer (CEO) has overall accountability for health and safety.<br \/><br \/><\/span><\/p><p><span style=\"font-weight: 400;\">The group Board is responsible for providing sufficient resources to meet the company\u2019s health and safety obligations.<br \/><br \/><\/span><\/p><p><span style=\"font-weight: 400;\">The Director of Group Corporate Services is responsible for coordinating the implementation of this policy and reporting significant outcomes to the CEO.<br \/><br \/><\/span><\/p><p><span style=\"font-weight: 400;\">In countries where the law requires a designated Health and Safety Officer, the Managing Director, or appointed Country Manager takes that role. Every Lyra International office where more than 20 people work has a safety representative nominated by, or elected by, employees at that office. If there are two or more safety representatives at an office, a health and safety committee is established.<br \/><br \/><\/span><\/p><p><span style=\"font-weight: 400;\">The Managing Director or appointed Country Manager of each legal entity within the group is responsible for ensuring that relevant national health and safety laws are identified and complied with. As a UK company, Lyra Health International Holdings Ltd must comply with the Health and Safety at Work Act 1974.\u00a0<br \/><br \/><\/span><\/p><p><span style=\"font-weight: 400;\">Employees are responsible for taking reasonable care for the health and safety of themselves and of other persons who may be affected by their acts or omissions at work.<\/span><\/p>\t\t\t\t\t\t\t\t<\/div>\n\t\t\t\t<\/div>\n\t\t\t\t\t<\/div>\n\t\t<\/div>\n\t\t\t\t\t<\/div>\n\t\t<\/section>\n\t\t\t\t<section class=\"elementor-section elementor-inner-section elementor-element elementor-element-9086264 elementor-section-boxed elementor-section-height-default elementor-section-height-default\" data-id=\"9086264\" data-element_type=\"section\">\n\t\t\t\t\t\t<div class=\"elementor-container elementor-column-gap-no\">\n\t\t\t\t\t<div class=\"elementor-column elementor-col-100 elementor-inner-column elementor-element elementor-element-5f04334\" data-id=\"5f04334\" data-element_type=\"column\">\n\t\t\t<div class=\"elementor-widget-wrap elementor-element-populated\">\n\t\t\t\t\t\t<div class=\"elementor-element elementor-element-df27ce2 elementor-widget elementor-widget-heading\" data-id=\"df27ce2\" data-element_type=\"widget\" data-widget_type=\"heading.default\">\n\t\t\t\t<div class=\"elementor-widget-container\">\n\t\t\t\t\t<h3 class=\"elementor-heading-title elementor-size-default\">Arrangements for health and safety<\/h3>\t\t\t\t<\/div>\n\t\t\t\t<\/div>\n\t\t\t\t<div class=\"elementor-element elementor-element-9607fdb elementor-widget elementor-widget-heading\" data-id=\"9607fdb\" data-element_type=\"widget\" data-widget_type=\"heading.default\">\n\t\t\t\t<div class=\"elementor-widget-container\">\n\t\t\t\t\t<h3 class=\"elementor-heading-title elementor-size-default\">Risk assessment<\/h3>\t\t\t\t<\/div>\n\t\t\t\t<\/div>\n\t\t\t\t<div class=\"elementor-element elementor-element-3fb53f7 elementor-widget elementor-widget-text-editor\" data-id=\"3fb53f7\" data-element_type=\"widget\" data-widget_type=\"text-editor.default\">\n\t\t\t\t<div class=\"elementor-widget-container\">\n\t\t\t\t\t\t\t\t\t<p><span style=\"font-weight: 400;\">A health and safety risk assessment is carried out to identify what could harm people in the workplace. The assessment examines not only risks of physical injury but also risks of work-related stress. Any measures identified as necessary in the assessment are implemented. The risk assessment is reviewed annually and when there is a significant change in working conditions.<\/span><\/p>\t\t\t\t\t\t\t\t<\/div>\n\t\t\t\t<\/div>\n\t\t\t\t<div class=\"elementor-element elementor-element-0c52430 elementor-widget elementor-widget-heading\" data-id=\"0c52430\" data-element_type=\"widget\" data-widget_type=\"heading.default\">\n\t\t\t\t<div class=\"elementor-widget-container\">\n\t\t\t\t\t<h3 class=\"elementor-heading-title elementor-size-default\">Working environment<\/h3>\t\t\t\t<\/div>\n\t\t\t\t<\/div>\n\t\t\t\t<div class=\"elementor-element elementor-element-4dd257e elementor-widget elementor-widget-text-editor\" data-id=\"4dd257e\" data-element_type=\"widget\" data-widget_type=\"text-editor.default\">\n\t\t\t\t<div class=\"elementor-widget-container\">\n\t\t\t\t\t\t\t\t\t<p><span style=\"font-weight: 400;\">Some employees work at Lyra International premises or in serviced offices arranged by the employing entity. The company ensures that the working environment at these sites complies with national safety legislation, such as taking measures to protect people against fire and other environmental hazards.<br \/><br \/><\/span><\/p><p><span style=\"font-weight: 400;\">Working at home is the normal arrangement for many employees. For employees who normally work in offices, working at home may occur temporarily for various reasons, if authorised by the employer. Employees who work at home are supported to meet standards of health and safety in their homes comparable to that provided in offices, ranging from the availability of ergonomic equipment and a first-aid kit to compliance with applicable working time regulations. Employees are encouraged to have frequent remote contact with their managers and other team members, to prevent problems potentially associated with isolation.<\/span><\/p>\t\t\t\t\t\t\t\t<\/div>\n\t\t\t\t<\/div>\n\t\t\t\t<div class=\"elementor-element elementor-element-b30ba75 elementor-widget elementor-widget-heading\" data-id=\"b30ba75\" data-element_type=\"widget\" data-widget_type=\"heading.default\">\n\t\t\t\t<div class=\"elementor-widget-container\">\n\t\t\t\t\t<h3 class=\"elementor-heading-title elementor-size-default\">Accident &amp; incident reporting &amp; investigation<\/h3>\t\t\t\t<\/div>\n\t\t\t\t<\/div>\n\t\t\t\t<div class=\"elementor-element elementor-element-cb4e09f elementor-widget elementor-widget-text-editor\" data-id=\"cb4e09f\" data-element_type=\"widget\" data-widget_type=\"text-editor.default\">\n\t\t\t\t<div class=\"elementor-widget-container\">\n\t\t\t\t\t\t\t\t\t<p><span style=\"font-weight: 400;\">Employees must report all workplace injuries, accidents, near accidents and safety breaches to the Group People Manager as soon as possible. The Group People Manager must store all such reports and notify any serious accidents to senior management within 24 hours. Any lessons learned from accidents or incidents are used to prevent recurrence.<\/span><\/p>\t\t\t\t\t\t\t\t<\/div>\n\t\t\t\t<\/div>\n\t\t\t\t<div class=\"elementor-element elementor-element-8663164 elementor-widget elementor-widget-heading\" data-id=\"8663164\" data-element_type=\"widget\" data-widget_type=\"heading.default\">\n\t\t\t\t<div class=\"elementor-widget-container\">\n\t\t\t\t\t<h3 class=\"elementor-heading-title elementor-size-default\">Culture and communication<\/h3>\t\t\t\t<\/div>\n\t\t\t\t<\/div>\n\t\t\t\t<div class=\"elementor-element elementor-element-c08e0e7 elementor-widget elementor-widget-text-editor\" data-id=\"c08e0e7\" data-element_type=\"widget\" data-widget_type=\"text-editor.default\">\n\t\t\t\t<div class=\"elementor-widget-container\">\n\t\t\t\t\t\t\t\t\t<p><span style=\"font-weight: 400;\">Employees receive information about health and safety as part of the induction process. Contracts of employment will state that working safely is a condition of employment. Disciplinary action will be taken if an employee has compromised their own or another person\u2019s health and safety.<\/span><\/p><p>\u00a0<\/p><p><span style=\"font-weight: 400;\">Senior managers demonstrate leadership in health and safety.<\/span><\/p>\t\t\t\t\t\t\t\t<\/div>\n\t\t\t\t<\/div>\n\t\t\t\t<div class=\"elementor-element elementor-element-dc231b1 elementor-widget elementor-widget-heading\" data-id=\"dc231b1\" data-element_type=\"widget\" data-widget_type=\"heading.default\">\n\t\t\t\t<div class=\"elementor-widget-container\">\n\t\t\t\t\t<h3 class=\"elementor-heading-title elementor-size-default\">Covid-19 pandemic<\/h3>\t\t\t\t<\/div>\n\t\t\t\t<\/div>\n\t\t\t\t<div class=\"elementor-element elementor-element-5e424cc elementor-widget elementor-widget-text-editor\" data-id=\"5e424cc\" data-element_type=\"widget\" data-widget_type=\"text-editor.default\">\n\t\t\t\t<div class=\"elementor-widget-container\">\n\t\t\t\t\t\t\t\t\t<p><span style=\"font-weight: 400;\">Lyra International takes reasonable steps to protect employees and others from transmission of the Covid-19 virus, in particular:<br \/><br \/><\/span><\/p><ul><li style=\"font-weight: 400;\" aria-level=\"1\"><span style=\"font-weight: 400;\">identifying what work activities or situations might cause transmission of the virus and removing those activities or situations or, if this is not possible, controlling the risk<\/span><\/li><li style=\"font-weight: 400;\" aria-level=\"1\"><span style=\"font-weight: 400;\">identifying people who are vulnerable and supporting them to work safely during the pandemic<\/span><\/li><li style=\"font-weight: 400;\" aria-level=\"1\"><span style=\"font-weight: 400;\">following the latest regulations and guidance from the relevant national government<\/span><\/li><\/ul>\t\t\t\t\t\t\t\t<\/div>\n\t\t\t\t<\/div>\n\t\t\t\t\t<\/div>\n\t\t<\/div>\n\t\t\t\t\t<\/div>\n\t\t<\/section>\n\t\t\t\t\t<\/div>\n\t\t<\/div>\n\t\t\t\t\t<\/div>\n\t\t<\/section>\n\t\t\t\t<\/div>","protected":false},"excerpt":{"rendered":"<p>Lyra International Holdings Ltd \u2013 Health &amp; Safety Policy Statement February 2024 Statement of intent Lyra International is committed to high standards of health and safety across the group. It is the policy of Lyra Health to look after the health and safety of its&#8230;<\/p>","protected":false},"author":5,"featured_media":0,"parent":0,"menu_order":0,"comment_status":"closed","ping_status":"closed","template":"full_width.php","meta":{"footnotes":""},"class_list":["post-4914","page","type-page","status-publish","hentry"],"yoast_head":"<!-- This site is optimized with the Yoast SEO plugin v25.3.1 - https:\/\/yoast.com\/wordpress\/plugins\/seo\/ -->\n<title>Lyra International \u2013 Health &amp; Safety Policy Statement - Lyra Hungary<\/title>\n<meta name=\"description\" content=\"Lyra Hungary - Lyra International \u2013 Health &amp; Safety Policy Statement\" \/>\n<meta name=\"robots\" content=\"index, follow, max-snippet:-1, max-image-preview:large, max-video-preview:-1\" \/>\n<link rel=\"canonical\" href=\"https:\/\/lyrawellbeing.hu\/hu\/lyra-international-health-safety-policy-statement\/\" \/>\n<meta property=\"og:locale\" content=\"hu_HU\" \/>\n<meta property=\"og:type\" content=\"article\" \/>\n<meta property=\"og:title\" content=\"Lyra International \u2013 Health &amp; Safety Policy Statement - Lyra Hungary\" \/>\n<meta property=\"og:description\" content=\"Lyra Hungary - Lyra International \u2013 Health &amp; Safety Policy Statement\" \/>\n<meta property=\"og:url\" content=\"https:\/\/lyrawellbeing.hu\/hu\/lyra-international-health-safety-policy-statement\/\" \/>\n<meta property=\"og:site_name\" content=\"Lyra Hungary\" \/>\n<meta property=\"article:modified_time\" content=\"2024-03-01T06:59:34+00:00\" \/>\n<meta property=\"og:image\" content=\"https:\/\/lyrawellbeing.hu\/wp-content\/uploads\/2025\/06\/LyraHungary_Teal.png\" \/>\n\t<meta property=\"og:image:width\" content=\"310\" \/>\n\t<meta property=\"og:image:height\" content=\"187\" \/>\n\t<meta property=\"og:image:type\" content=\"image\/png\" \/>\n<meta name=\"twitter:card\" content=\"summary_large_image\" \/>\n<meta name=\"twitter:label1\" content=\"Becs\u00fclt olvas\u00e1si id\u0151\" \/>\n\t<meta name=\"twitter:data1\" content=\"4 perc\" \/>\n<script type=\"application\/ld+json\" class=\"yoast-schema-graph\">{\"@context\":\"https:\/\/schema.org\",\"@graph\":[{\"@type\":\"WebPage\",\"@id\":\"https:\/\/lyrawellbeing.hu\/lyra-international-health-safety-policy-statement\/\",\"url\":\"https:\/\/lyrawellbeing.hu\/lyra-international-health-safety-policy-statement\/\",\"name\":\"Lyra International \u2013 Health & Safety Policy Statement - Lyra Hungary\",\"isPartOf\":{\"@id\":\"https:\/\/lyrawellbeing.hu\/#website\"},\"datePublished\":\"2024-02-09T09:07:27+00:00\",\"dateModified\":\"2024-03-01T06:59:34+00:00\",\"description\":\"Lyra Hungary - Lyra International \u2013 Health & Safety Policy Statement\",\"breadcrumb\":{\"@id\":\"https:\/\/lyrawellbeing.hu\/lyra-international-health-safety-policy-statement\/#breadcrumb\"},\"inLanguage\":\"hu\",\"potentialAction\":[{\"@type\":\"ReadAction\",\"target\":[\"https:\/\/lyrawellbeing.hu\/lyra-international-health-safety-policy-statement\/\"]}]},{\"@type\":\"BreadcrumbList\",\"@id\":\"https:\/\/lyrawellbeing.hu\/lyra-international-health-safety-policy-statement\/#breadcrumb\",\"itemListElement\":[{\"@type\":\"ListItem\",\"position\":1,\"name\":\"Home\",\"item\":\"https:\/\/lyrawellbeing.hu\/\"},{\"@type\":\"ListItem\",\"position\":2,\"name\":\"Lyra International \u2013 Health &#038; Safety Policy Statement\"}]},{\"@type\":\"WebSite\",\"@id\":\"https:\/\/lyrawellbeing.hu\/#website\",\"url\":\"https:\/\/lyrawellbeing.hu\/\",\"name\":\"Lyra Hungary\",\"description\":\"A Lyra Health Company\",\"publisher\":{\"@id\":\"https:\/\/lyrawellbeing.hu\/#organization\"},\"potentialAction\":[{\"@type\":\"SearchAction\",\"target\":{\"@type\":\"EntryPoint\",\"urlTemplate\":\"https:\/\/lyrawellbeing.hu\/?s={search_term_string}\"},\"query-input\":{\"@type\":\"PropertyValueSpecification\",\"valueRequired\":true,\"valueName\":\"search_term_string\"}}],\"inLanguage\":\"hu\"},{\"@type\":\"Organization\",\"@id\":\"https:\/\/lyrawellbeing.hu\/#organization\",\"name\":\"Lyra Hungary\",\"url\":\"https:\/\/lyrawellbeing.hu\/\",\"logo\":{\"@type\":\"ImageObject\",\"inLanguage\":\"hu\",\"@id\":\"https:\/\/lyrawellbeing.hu\/#\/schema\/logo\/image\/\",\"url\":\"https:\/\/lyrawellbeing.hu\/wp-content\/uploads\/2025\/06\/LyraHungary_Teal.png\",\"contentUrl\":\"https:\/\/lyrawellbeing.hu\/wp-content\/uploads\/2025\/06\/LyraHungary_Teal.png\",\"width\":310,\"height\":187,\"caption\":\"Lyra Hungary\"},\"image\":{\"@id\":\"https:\/\/lyrawellbeing.hu\/#\/schema\/logo\/image\/\"}}]}<\/script>\n<!-- \/ Yoast SEO plugin. -->","yoast_head_json":{"title":"Lyra International \u2013 Health & Safety Policy Statement - Lyra Hungary","description":"Lyra Hungary - Lyra International \u2013 Health & Safety Policy Statement","robots":{"index":"index","follow":"follow","max-snippet":"max-snippet:-1","max-image-preview":"max-image-preview:large","max-video-preview":"max-video-preview:-1"},"canonical":"https:\/\/lyrawellbeing.hu\/hu\/lyra-international-health-safety-policy-statement\/","og_locale":"hu_HU","og_type":"article","og_title":"Lyra International \u2013 Health & Safety Policy Statement - Lyra Hungary","og_description":"Lyra Hungary - Lyra International \u2013 Health & Safety Policy Statement","og_url":"https:\/\/lyrawellbeing.hu\/hu\/lyra-international-health-safety-policy-statement\/","og_site_name":"Lyra Hungary","article_modified_time":"2024-03-01T06:59:34+00:00","og_image":[{"width":310,"height":187,"url":"https:\/\/lyrawellbeing.hu\/wp-content\/uploads\/2025\/06\/LyraHungary_Teal.png","type":"image\/png"}],"twitter_card":"summary_large_image","twitter_misc":{"Becs\u00fclt olvas\u00e1si id\u0151":"4 perc"},"schema":{"@context":"https:\/\/schema.org","@graph":[{"@type":"WebPage","@id":"https:\/\/lyrawellbeing.hu\/lyra-international-health-safety-policy-statement\/","url":"https:\/\/lyrawellbeing.hu\/lyra-international-health-safety-policy-statement\/","name":"Lyra International \u2013 Health & Safety Policy Statement - Lyra Hungary","isPartOf":{"@id":"https:\/\/lyrawellbeing.hu\/#website"},"datePublished":"2024-02-09T09:07:27+00:00","dateModified":"2024-03-01T06:59:34+00:00","description":"Lyra Hungary - Lyra International \u2013 Health & Safety Policy Statement","breadcrumb":{"@id":"https:\/\/lyrawellbeing.hu\/lyra-international-health-safety-policy-statement\/#breadcrumb"},"inLanguage":"hu","potentialAction":[{"@type":"ReadAction","target":["https:\/\/lyrawellbeing.hu\/lyra-international-health-safety-policy-statement\/"]}]},{"@type":"BreadcrumbList","@id":"https:\/\/lyrawellbeing.hu\/lyra-international-health-safety-policy-statement\/#breadcrumb","itemListElement":[{"@type":"ListItem","position":1,"name":"Home","item":"https:\/\/lyrawellbeing.hu\/"},{"@type":"ListItem","position":2,"name":"Lyra International \u2013 Health &#038; Safety Policy Statement"}]},{"@type":"WebSite","@id":"https:\/\/lyrawellbeing.hu\/#website","url":"https:\/\/lyrawellbeing.hu\/","name":"Lyra Hungary","description":"A Lyra Health Company","publisher":{"@id":"https:\/\/lyrawellbeing.hu\/#organization"},"potentialAction":[{"@type":"SearchAction","target":{"@type":"EntryPoint","urlTemplate":"https:\/\/lyrawellbeing.hu\/?s={search_term_string}"},"query-input":{"@type":"PropertyValueSpecification","valueRequired":true,"valueName":"search_term_string"}}],"inLanguage":"hu"},{"@type":"Organization","@id":"https:\/\/lyrawellbeing.hu\/#organization","name":"Lyra Hungary","url":"https:\/\/lyrawellbeing.hu\/","logo":{"@type":"ImageObject","inLanguage":"hu","@id":"https:\/\/lyrawellbeing.hu\/#\/schema\/logo\/image\/","url":"https:\/\/lyrawellbeing.hu\/wp-content\/uploads\/2025\/06\/LyraHungary_Teal.png","contentUrl":"https:\/\/lyrawellbeing.hu\/wp-content\/uploads\/2025\/06\/LyraHungary_Teal.png","width":310,"height":187,"caption":"Lyra Hungary"},"image":{"@id":"https:\/\/lyrawellbeing.hu\/#\/schema\/logo\/image\/"}}]}},"_links":{"self":[{"href":"https:\/\/lyrawellbeing.hu\/hu\/wp-json\/wp\/v2\/pages\/4914","targetHints":{"allow":["GET"]}}],"collection":[{"href":"https:\/\/lyrawellbeing.hu\/hu\/wp-json\/wp\/v2\/pages"}],"about":[{"href":"https:\/\/lyrawellbeing.hu\/hu\/wp-json\/wp\/v2\/types\/page"}],"author":[{"embeddable":true,"href":"https:\/\/lyrawellbeing.hu\/hu\/wp-json\/wp\/v2\/users\/5"}],"replies":[{"embeddable":true,"href":"https:\/\/lyrawellbeing.hu\/hu\/wp-json\/wp\/v2\/comments?post=4914"}],"version-history":[{"count":14,"href":"https:\/\/lyrawellbeing.hu\/hu\/wp-json\/wp\/v2\/pages\/4914\/revisions"}],"predecessor-version":[{"id":6282,"href":"https:\/\/lyrawellbeing.hu\/hu\/wp-json\/wp\/v2\/pages\/4914\/revisions\/6282"}],"wp:attachment":[{"href":"https:\/\/lyrawellbeing.hu\/hu\/wp-json\/wp\/v2\/media?parent=4914"}],"curies":[{"name":"wp","href":"https:\/\/api.w.org\/{rel}","templated":true}]}}