{"id":4695,"date":"2024-02-07T13:25:20","date_gmt":"2024-02-07T13:25:20","guid":{"rendered":"http:\/\/lyrawellbeingdhu.swedencentral.cloudapp.azure.com\/?page_id=4695"},"modified":"2025-06-09T12:50:06","modified_gmt":"2025-06-09T11:50:06","slug":"our-policies","status":"publish","type":"page","link":"https:\/\/lyrawellbeing.hu\/hu\/our-policies\/","title":{"rendered":"Szab\u00e1lyzataink"},"content":{"rendered":"<div data-elementor-type=\"wp-page\" data-elementor-id=\"4695\" class=\"elementor elementor-4695\">\n\t\t\t\t\t\t<section class=\"elementor-section elementor-top-section elementor-element elementor-element-6835e539 elementor-section-boxed elementor-section-height-default elementor-section-height-default\" data-id=\"6835e539\" data-element_type=\"section\">\n\t\t\t\t\t\t<div class=\"elementor-container elementor-column-gap-custom\">\n\t\t\t\t\t<div class=\"elementor-column elementor-col-100 elementor-top-column elementor-element elementor-element-2fb6dae1\" data-id=\"2fb6dae1\" data-element_type=\"column\">\n\t\t\t<div class=\"elementor-widget-wrap elementor-element-populated\">\n\t\t\t\t\t\t<section class=\"elementor-section elementor-inner-section elementor-element elementor-element-3743a663 elementor-reverse-mobile elementor-section-boxed elementor-section-height-default elementor-section-height-default\" data-id=\"3743a663\" data-element_type=\"section\">\n\t\t\t\t\t\t<div class=\"elementor-container elementor-column-gap-no\">\n\t\t\t\t\t<div class=\"elementor-column elementor-col-50 elementor-inner-column elementor-element elementor-element-367a7a3b\" data-id=\"367a7a3b\" data-element_type=\"column\">\n\t\t\t<div class=\"elementor-widget-wrap elementor-element-populated\">\n\t\t\t\t\t\t<div class=\"elementor-element elementor-element-3381cbe1 elementor-widget elementor-widget-heading\" data-id=\"3381cbe1\" data-element_type=\"widget\" data-widget_type=\"heading.default\">\n\t\t\t\t<div class=\"elementor-widget-container\">\n\t\t\t\t\t<h2 class=\"elementor-heading-title elementor-size-default\">Szab\u00e1lyzataink<\/h2>\t\t\t\t<\/div>\n\t\t\t\t<\/div>\n\t\t\t\t<div class=\"elementor-element elementor-element-7f7c21cb elementor-widget elementor-widget-text-editor\" data-id=\"7f7c21cb\" data-element_type=\"widget\" data-widget_type=\"text-editor.default\">\n\t\t\t\t<div class=\"elementor-widget-container\">\n\t\t\t\t\t\t\t\t\t<p>A Lyra Health International \u00e9s le\u00e1nyv\u00e1llalatai \u00e9s kirendelts\u00e9gei\u2028(\u201cNemzetk\u00f6zi Lyra\u201d utal\u00e1ssal ezekben a szab\u00e1lyzatokban) seg\u00edti a szervezeteket a munkav\u00e1llal\u00f3k ment\u00e1lis eg\u00e9szs\u00e9g\u00e9nek \u00e9s j\u00f3l-\u2028l\u00e9t\u00e9nek t\u00e1mogat\u00e1s\u00e1val, ugyanakkor jav\u00edtja a termel\u00e9kenys\u00e9g\u00fcket \u00e9s cs\u00f6kkenti a t\u00e1voll\u00e9teket. 1987 \u00f3ta vagyunk EAP szolg\u00e1ltat\u00f3k, \u00e9s ma mi vagyunk az egyik legnagyobb glob\u00e1lis szerepl\u0151 ebben a szektorban. Elk\u00f6telezettek vagyunk a mag\u00e1n\u00e9let \u00e9s a szem\u00e9lyes inrform\u00e1ci\u00f3k v\u00e9delm\u00e9nek biztos\u00edt\u00e1s\u00e1ban.<\/p>\t\t\t\t\t\t\t\t<\/div>\n\t\t\t\t<\/div>\n\t\t\t\t\t<\/div>\n\t\t<\/div>\n\t\t\t\t<div class=\"elementor-column elementor-col-50 elementor-inner-column elementor-element elementor-element-4d5c67b0\" data-id=\"4d5c67b0\" data-element_type=\"column\">\n\t\t\t<div class=\"elementor-widget-wrap elementor-element-populated\">\n\t\t\t\t\t\t<div class=\"elementor-element elementor-element-499f054c elementor-widget elementor-widget-image\" data-id=\"499f054c\" data-element_type=\"widget\" data-widget_type=\"image.default\">\n\t\t\t\t<div class=\"elementor-widget-container\">\n\t\t\t\t\t\t\t\t\t\t\t\t\t\t\t<img fetchpriority=\"high\" decoding=\"async\" width=\"1024\" height=\"706\" src=\"https:\/\/lyrawellbeing.hu\/wp-content\/uploads\/2025\/06\/our-policies-1024x706.webp\" class=\"attachment-large size-large wp-image-7527\" alt=\"\" srcset=\"https:\/\/lyrawellbeing.hu\/wp-content\/uploads\/2025\/06\/our-policies-1024x706.webp 1024w, https:\/\/lyrawellbeing.hu\/wp-content\/uploads\/2025\/06\/our-policies-300x207.webp 300w, https:\/\/lyrawellbeing.hu\/wp-content\/uploads\/2025\/06\/our-policies-768x530.webp 768w, https:\/\/lyrawellbeing.hu\/wp-content\/uploads\/2025\/06\/our-policies-18x12.webp 18w, https:\/\/lyrawellbeing.hu\/wp-content\/uploads\/2025\/06\/our-policies-700x483.webp 700w, https:\/\/lyrawellbeing.hu\/wp-content\/uploads\/2025\/06\/our-policies.webp 1160w\" sizes=\"(max-width: 1024px) 100vw, 1024px\" \/>\t\t\t\t\t\t\t\t\t\t\t\t\t\t\t<\/div>\n\t\t\t\t<\/div>\n\t\t\t\t\t<\/div>\n\t\t<\/div>\n\t\t\t\t\t<\/div>\n\t\t<\/section>\n\t\t\t\t<section class=\"elementor-section elementor-inner-section elementor-element elementor-element-8e597be elementor-section-boxed elementor-section-height-default elementor-section-height-default\" data-id=\"8e597be\" data-element_type=\"section\">\n\t\t\t\t\t\t<div class=\"elementor-container elementor-column-gap-no\">\n\t\t\t\t\t<div class=\"elementor-column elementor-col-100 elementor-inner-column elementor-element elementor-element-3aecbc25\" data-id=\"3aecbc25\" data-element_type=\"column\">\n\t\t\t<div class=\"elementor-widget-wrap elementor-element-populated\">\n\t\t\t\t\t\t<div class=\"elementor-element elementor-element-20ddd9c elementor-widget elementor-widget-html\" data-id=\"20ddd9c\" data-element_type=\"widget\" data-widget_type=\"html.default\">\n\t\t\t\t<div class=\"elementor-widget-container\">\n\t\t\t\t\t<style>\n.policy-button.elementor-element > div > div .elementor-button{\n  background-color: #09586E !important;\n  background-image: linear-gradient(#017A8F, #017A8F), linear-gradient(#09586E, #09586E) !important;\n  background-size: 100% 100%, 0% 100% !important;\n  background-position: left top, left top !important;\n  background-repeat: no-repeat !important;\n  transition: background-size 0.3s linear !important;\n  border: none !important;\n}\n\n.policy-button.elementor-element > div > div .elementor-button:hover{\n  background-color: #017A8F !important;\n  background-image: linear-gradient(transparent, transparent), linear-gradient(#09586E, #09586E) !important;\n  background-size: 0% 100%, 100% 100% !important;\n}\n<\/style>\t\t\t\t<\/div>\n\t\t\t\t<\/div>\n\t\t\t\t<div class=\"elementor-element elementor-element-659b679b elementor-align-left policy-button elementor-mobile-align-justify elementor-widget elementor-widget-button\" data-id=\"659b679b\" data-element_type=\"widget\" data-widget_type=\"button.default\">\n\t\t\t\t<div class=\"elementor-widget-container\">\n\t\t\t\t\t\t\t\t\t<div class=\"elementor-button-wrapper\">\n\t\t\t\t\t<a class=\"elementor-button elementor-button-link elementor-size-sm\" href=\"\/hu\/privacy-policy\/\" target=\"_blank\">\n\t\t\t\t\t\t<span class=\"elementor-button-content-wrapper\">\n\t\t\t\t\t\t\t\t\t<span class=\"elementor-button-text\">Lyra Nemzetk\u00f6zi Glob\u00e1lis Mag\u00e1n\u00e9let V\u00e9delm\u00e9r\u0151l sz\u00f3l\u00f3 Szab\u00e1lyzat<\/span>\n\t\t\t\t\t<\/span>\n\t\t\t\t\t<\/a>\n\t\t\t\t<\/div>\n\t\t\t\t\t\t\t\t<\/div>\n\t\t\t\t<\/div>\n\t\t\t\t<div class=\"elementor-element elementor-element-6d3ca695 elementor-align-left policy-button elementor-mobile-align-justify elementor-widget elementor-widget-button\" data-id=\"6d3ca695\" data-element_type=\"widget\" data-widget_type=\"button.default\">\n\t\t\t\t<div class=\"elementor-widget-container\">\n\t\t\t\t\t\t\t\t\t<div class=\"elementor-button-wrapper\">\n\t\t\t\t\t<a class=\"elementor-button elementor-button-link elementor-size-sm\" href=\"\/hu\/lyra-international-portal-terms-and-conditions\/\" target=\"_blank\">\n\t\t\t\t\t\t<span class=\"elementor-button-content-wrapper\">\n\t\t\t\t\t\t\t\t\t<span class=\"elementor-button-text\">Lyra Nemzetk\u00f6zi Honlap Felhaszn\u00e1l\u00e1si Felt\u00e9telek <\/span>\n\t\t\t\t\t<\/span>\n\t\t\t\t\t<\/a>\n\t\t\t\t<\/div>\n\t\t\t\t\t\t\t\t<\/div>\n\t\t\t\t<\/div>\n\t\t\t\t<div class=\"elementor-element elementor-element-2ce8a1ae elementor-align-left policy-button elementor-mobile-align-justify elementor-widget elementor-widget-button\" data-id=\"2ce8a1ae\" data-element_type=\"widget\" data-widget_type=\"button.default\">\n\t\t\t\t<div class=\"elementor-widget-container\">\n\t\t\t\t\t\t\t\t\t<div class=\"elementor-button-wrapper\">\n\t\t\t\t\t<a class=\"elementor-button elementor-button-link elementor-size-sm\" href=\"\/hu\/lyra-international-platform-acceptable-use-policy\/\" target=\"_blank\">\n\t\t\t\t\t\t<span class=\"elementor-button-content-wrapper\">\n\t\t\t\t\t\t\t\t\t<span class=\"elementor-button-text\">Lyra Nemzetk\u00f6zi Platformok Megfelel\u0151 Haszn\u00e1lat Szab\u00e1lyzat<\/span>\n\t\t\t\t\t<\/span>\n\t\t\t\t\t<\/a>\n\t\t\t\t<\/div>\n\t\t\t\t\t\t\t\t<\/div>\n\t\t\t\t<\/div>\n\t\t\t\t<div class=\"elementor-element elementor-element-30a15997 elementor-align-left policy-button elementor-mobile-align-justify elementor-widget elementor-widget-button\" data-id=\"30a15997\" data-element_type=\"widget\" data-widget_type=\"button.default\">\n\t\t\t\t<div class=\"elementor-widget-container\">\n\t\t\t\t\t\t\t\t\t<div class=\"elementor-button-wrapper\">\n\t\t\t\t\t<a class=\"elementor-button elementor-button-link elementor-size-sm\" href=\"\/hu\/environmental-and-sustainability-policy\/\" target=\"_blank\">\n\t\t\t\t\t\t<span class=\"elementor-button-content-wrapper\">\n\t\t\t\t\t\t\t\t\t<span class=\"elementor-button-text\">Lyra Nemzetk\u00f6zi K\u00f6rnyezeti \u00e9s Fenntarthat\u00f3s\u00e1gi Szab\u00e1lyzat<\/span>\n\t\t\t\t\t<\/span>\n\t\t\t\t\t<\/a>\n\t\t\t\t<\/div>\n\t\t\t\t\t\t\t\t<\/div>\n\t\t\t\t<\/div>\n\t\t\t\t<div class=\"elementor-element elementor-element-3b3ac458 elementor-align-left policy-button elementor-mobile-align-justify elementor-widget elementor-widget-button\" data-id=\"3b3ac458\" data-element_type=\"widget\" data-widget_type=\"button.default\">\n\t\t\t\t<div class=\"elementor-widget-container\">\n\t\t\t\t\t\t\t\t\t<div class=\"elementor-button-wrapper\">\n\t\t\t\t\t<a class=\"elementor-button elementor-button-link elementor-size-sm\" href=\"\/hu\/lyra-international-complaints-policy-and-procedure\/\" target=\"_blank\">\n\t\t\t\t\t\t<span class=\"elementor-button-content-wrapper\">\n\t\t\t\t\t\t\t\t\t<span class=\"elementor-button-text\">Lyra Nemzetk\u00f6zi Panasz Szab\u00e1lyzat \u00e9s Folyamat<\/span>\n\t\t\t\t\t<\/span>\n\t\t\t\t\t<\/a>\n\t\t\t\t<\/div>\n\t\t\t\t\t\t\t\t<\/div>\n\t\t\t\t<\/div>\n\t\t\t\t<div class=\"elementor-element elementor-element-6c3ad03b elementor-align-left policy-button elementor-mobile-align-justify elementor-widget elementor-widget-button\" data-id=\"6c3ad03b\" data-element_type=\"widget\" data-widget_type=\"button.default\">\n\t\t\t\t<div class=\"elementor-widget-container\">\n\t\t\t\t\t\t\t\t\t<div class=\"elementor-button-wrapper\">\n\t\t\t\t\t<a class=\"elementor-button elementor-button-link elementor-size-sm\" href=\"\/hu\/cookie-policy\/\" target=\"_blank\">\n\t\t\t\t\t\t<span class=\"elementor-button-content-wrapper\">\n\t\t\t\t\t\t\t\t\t<span class=\"elementor-button-text\">Lyra Nemzetk\u00f6zi S\u00fcti Szab\u00e1lyzat<\/span>\n\t\t\t\t\t<\/span>\n\t\t\t\t\t<\/a>\n\t\t\t\t<\/div>\n\t\t\t\t\t\t\t\t<\/div>\n\t\t\t\t<\/div>\n\t\t\t\t<div class=\"elementor-element elementor-element-297c75b1 elementor-align-left policy-button elementor-mobile-align-justify elementor-widget elementor-widget-button\" data-id=\"297c75b1\" data-element_type=\"widget\" data-widget_type=\"button.default\">\n\t\t\t\t<div class=\"elementor-widget-container\">\n\t\t\t\t\t\t\t\t\t<div class=\"elementor-button-wrapper\">\n\t\t\t\t\t<a class=\"elementor-button elementor-button-link elementor-size-sm\" href=\"\/hu\/lyra-international-health-safety-policy-statement\/\" target=\"_blank\">\n\t\t\t\t\t\t<span class=\"elementor-button-content-wrapper\">\n\t\t\t\t\t\t\t\t\t<span class=\"elementor-button-text\">Lyra Nemzetk\u00f6zi Eg\u00e9szs\u00e9gi \u00e9s Biztons\u00e1gi Nyilatkozat<\/span>\n\t\t\t\t\t<\/span>\n\t\t\t\t\t<\/a>\n\t\t\t\t<\/div>\n\t\t\t\t\t\t\t\t<\/div>\n\t\t\t\t<\/div>\n\t\t\t\t\t<\/div>\n\t\t<\/div>\n\t\t\t\t\t<\/div>\n\t\t<\/section>\n\t\t\t\t\t<\/div>\n\t\t<\/div>\n\t\t\t\t\t<\/div>\n\t\t<\/section>\n\t\t\t\t<\/div>","protected":false},"excerpt":{"rendered":"<p>Our Policies Lyra Health International and its subsidiary companies and branches (referred to as \u201cLyra International\u201d in these policies) supports organisations through the promotion of the health and wellbeing of their employees, while at the same time improving productivity and reducing absence. We have been&#8230;<\/p>","protected":false},"author":5,"featured_media":0,"parent":0,"menu_order":0,"comment_status":"closed","ping_status":"closed","template":"full_width.php","meta":{"footnotes":""},"class_list":["post-4695","page","type-page","status-publish","hentry"],"yoast_head":"<!-- This site is optimized with the Yoast SEO plugin v25.3.1 - https:\/\/yoast.com\/wordpress\/plugins\/seo\/ -->\n<title>Our Policies - Lyra Hungary<\/title>\n<meta name=\"description\" content=\"Lyra Hungary - Our Policies\" \/>\n<meta name=\"robots\" content=\"index, follow, max-snippet:-1, max-image-preview:large, max-video-preview:-1\" \/>\n<link rel=\"canonical\" href=\"https:\/\/lyrawellbeing.hu\/hu\/our-policies\/\" \/>\n<meta property=\"og:locale\" content=\"hu_HU\" \/>\n<meta property=\"og:type\" content=\"article\" \/>\n<meta property=\"og:title\" content=\"Our Policies - Lyra Hungary\" \/>\n<meta property=\"og:description\" content=\"Lyra Hungary - Our Policies\" \/>\n<meta property=\"og:url\" content=\"https:\/\/lyrawellbeing.hu\/hu\/our-policies\/\" \/>\n<meta property=\"og:site_name\" content=\"Lyra Hungary\" \/>\n<meta property=\"article:modified_time\" content=\"2025-06-09T11:50:06+00:00\" \/>\n<meta property=\"og:image\" content=\"http:\/\/lyrawellbeingdhu.swedencentral.cloudapp.azure.com\/wp-content\/uploads\/2025\/06\/our-policies-1024x706.webp\" \/>\n<meta name=\"twitter:card\" content=\"summary_large_image\" \/>\n<meta name=\"twitter:label1\" content=\"Becs\u00fclt olvas\u00e1si id\u0151\" \/>\n\t<meta name=\"twitter:data1\" content=\"1 perc\" \/>\n<script type=\"application\/ld+json\" class=\"yoast-schema-graph\">{\"@context\":\"https:\/\/schema.org\",\"@graph\":[{\"@type\":\"WebPage\",\"@id\":\"https:\/\/lyrawellbeing.hu\/our-policies\/\",\"url\":\"https:\/\/lyrawellbeing.hu\/our-policies\/\",\"name\":\"Our Policies - Lyra Hungary\",\"isPartOf\":{\"@id\":\"https:\/\/lyrawellbeing.hu\/#website\"},\"primaryImageOfPage\":{\"@id\":\"https:\/\/lyrawellbeing.hu\/our-policies\/#primaryimage\"},\"image\":{\"@id\":\"https:\/\/lyrawellbeing.hu\/our-policies\/#primaryimage\"},\"thumbnailUrl\":\"http:\/\/lyrawellbeingdhu.swedencentral.cloudapp.azure.com\/wp-content\/uploads\/2025\/06\/our-policies-1024x706.webp\",\"datePublished\":\"2024-02-07T13:25:20+00:00\",\"dateModified\":\"2025-06-09T11:50:06+00:00\",\"description\":\"Lyra Hungary - Our Policies\",\"breadcrumb\":{\"@id\":\"https:\/\/lyrawellbeing.hu\/our-policies\/#breadcrumb\"},\"inLanguage\":\"hu\",\"potentialAction\":[{\"@type\":\"ReadAction\",\"target\":[\"https:\/\/lyrawellbeing.hu\/our-policies\/\"]}]},{\"@type\":\"ImageObject\",\"inLanguage\":\"hu\",\"@id\":\"https:\/\/lyrawellbeing.hu\/our-policies\/#primaryimage\",\"url\":\"http:\/\/lyrawellbeingdhu.swedencentral.cloudapp.azure.com\/wp-content\/uploads\/2025\/06\/our-policies-1024x706.webp\",\"contentUrl\":\"http:\/\/lyrawellbeingdhu.swedencentral.cloudapp.azure.com\/wp-content\/uploads\/2025\/06\/our-policies-1024x706.webp\"},{\"@type\":\"BreadcrumbList\",\"@id\":\"https:\/\/lyrawellbeing.hu\/our-policies\/#breadcrumb\",\"itemListElement\":[{\"@type\":\"ListItem\",\"position\":1,\"name\":\"Home\",\"item\":\"https:\/\/lyrawellbeing.hu\/\"},{\"@type\":\"ListItem\",\"position\":2,\"name\":\"Our Policies\"}]},{\"@type\":\"WebSite\",\"@id\":\"https:\/\/lyrawellbeing.hu\/#website\",\"url\":\"https:\/\/lyrawellbeing.hu\/\",\"name\":\"Lyra Hungary\",\"description\":\"A Lyra Health Company\",\"publisher\":{\"@id\":\"https:\/\/lyrawellbeing.hu\/#organization\"},\"potentialAction\":[{\"@type\":\"SearchAction\",\"target\":{\"@type\":\"EntryPoint\",\"urlTemplate\":\"https:\/\/lyrawellbeing.hu\/?s={search_term_string}\"},\"query-input\":{\"@type\":\"PropertyValueSpecification\",\"valueRequired\":true,\"valueName\":\"search_term_string\"}}],\"inLanguage\":\"hu\"},{\"@type\":\"Organization\",\"@id\":\"https:\/\/lyrawellbeing.hu\/#organization\",\"name\":\"Lyra Hungary\",\"url\":\"https:\/\/lyrawellbeing.hu\/\",\"logo\":{\"@type\":\"ImageObject\",\"inLanguage\":\"hu\",\"@id\":\"https:\/\/lyrawellbeing.hu\/#\/schema\/logo\/image\/\",\"url\":\"https:\/\/lyrawellbeing.hu\/wp-content\/uploads\/2025\/06\/LyraHungary_Teal.png\",\"contentUrl\":\"https:\/\/lyrawellbeing.hu\/wp-content\/uploads\/2025\/06\/LyraHungary_Teal.png\",\"width\":310,\"height\":187,\"caption\":\"Lyra Hungary\"},\"image\":{\"@id\":\"https:\/\/lyrawellbeing.hu\/#\/schema\/logo\/image\/\"}}]}<\/script>\n<!-- \/ Yoast SEO plugin. -->","yoast_head_json":{"title":"Our Policies - Lyra Hungary","description":"Lyra Hungary - Our Policies","robots":{"index":"index","follow":"follow","max-snippet":"max-snippet:-1","max-image-preview":"max-image-preview:large","max-video-preview":"max-video-preview:-1"},"canonical":"https:\/\/lyrawellbeing.hu\/hu\/our-policies\/","og_locale":"hu_HU","og_type":"article","og_title":"Our Policies - Lyra Hungary","og_description":"Lyra Hungary - Our Policies","og_url":"https:\/\/lyrawellbeing.hu\/hu\/our-policies\/","og_site_name":"Lyra Hungary","article_modified_time":"2025-06-09T11:50:06+00:00","og_image":[{"url":"http:\/\/lyrawellbeingdhu.swedencentral.cloudapp.azure.com\/wp-content\/uploads\/2025\/06\/our-policies-1024x706.webp","type":"","width":"","height":""}],"twitter_card":"summary_large_image","twitter_misc":{"Becs\u00fclt olvas\u00e1si id\u0151":"1 perc"},"schema":{"@context":"https:\/\/schema.org","@graph":[{"@type":"WebPage","@id":"https:\/\/lyrawellbeing.hu\/our-policies\/","url":"https:\/\/lyrawellbeing.hu\/our-policies\/","name":"Our Policies - Lyra Hungary","isPartOf":{"@id":"https:\/\/lyrawellbeing.hu\/#website"},"primaryImageOfPage":{"@id":"https:\/\/lyrawellbeing.hu\/our-policies\/#primaryimage"},"image":{"@id":"https:\/\/lyrawellbeing.hu\/our-policies\/#primaryimage"},"thumbnailUrl":"http:\/\/lyrawellbeingdhu.swedencentral.cloudapp.azure.com\/wp-content\/uploads\/2025\/06\/our-policies-1024x706.webp","datePublished":"2024-02-07T13:25:20+00:00","dateModified":"2025-06-09T11:50:06+00:00","description":"Lyra Hungary - Our Policies","breadcrumb":{"@id":"https:\/\/lyrawellbeing.hu\/our-policies\/#breadcrumb"},"inLanguage":"hu","potentialAction":[{"@type":"ReadAction","target":["https:\/\/lyrawellbeing.hu\/our-policies\/"]}]},{"@type":"ImageObject","inLanguage":"hu","@id":"https:\/\/lyrawellbeing.hu\/our-policies\/#primaryimage","url":"http:\/\/lyrawellbeingdhu.swedencentral.cloudapp.azure.com\/wp-content\/uploads\/2025\/06\/our-policies-1024x706.webp","contentUrl":"http:\/\/lyrawellbeingdhu.swedencentral.cloudapp.azure.com\/wp-content\/uploads\/2025\/06\/our-policies-1024x706.webp"},{"@type":"BreadcrumbList","@id":"https:\/\/lyrawellbeing.hu\/our-policies\/#breadcrumb","itemListElement":[{"@type":"ListItem","position":1,"name":"Home","item":"https:\/\/lyrawellbeing.hu\/"},{"@type":"ListItem","position":2,"name":"Our Policies"}]},{"@type":"WebSite","@id":"https:\/\/lyrawellbeing.hu\/#website","url":"https:\/\/lyrawellbeing.hu\/","name":"Lyra Hungary","description":"A Lyra Health Company","publisher":{"@id":"https:\/\/lyrawellbeing.hu\/#organization"},"potentialAction":[{"@type":"SearchAction","target":{"@type":"EntryPoint","urlTemplate":"https:\/\/lyrawellbeing.hu\/?s={search_term_string}"},"query-input":{"@type":"PropertyValueSpecification","valueRequired":true,"valueName":"search_term_string"}}],"inLanguage":"hu"},{"@type":"Organization","@id":"https:\/\/lyrawellbeing.hu\/#organization","name":"Lyra Hungary","url":"https:\/\/lyrawellbeing.hu\/","logo":{"@type":"ImageObject","inLanguage":"hu","@id":"https:\/\/lyrawellbeing.hu\/#\/schema\/logo\/image\/","url":"https:\/\/lyrawellbeing.hu\/wp-content\/uploads\/2025\/06\/LyraHungary_Teal.png","contentUrl":"https:\/\/lyrawellbeing.hu\/wp-content\/uploads\/2025\/06\/LyraHungary_Teal.png","width":310,"height":187,"caption":"Lyra Hungary"},"image":{"@id":"https:\/\/lyrawellbeing.hu\/#\/schema\/logo\/image\/"}}]}},"_links":{"self":[{"href":"https:\/\/lyrawellbeing.hu\/hu\/wp-json\/wp\/v2\/pages\/4695","targetHints":{"allow":["GET"]}}],"collection":[{"href":"https:\/\/lyrawellbeing.hu\/hu\/wp-json\/wp\/v2\/pages"}],"about":[{"href":"https:\/\/lyrawellbeing.hu\/hu\/wp-json\/wp\/v2\/types\/page"}],"author":[{"embeddable":true,"href":"https:\/\/lyrawellbeing.hu\/hu\/wp-json\/wp\/v2\/users\/5"}],"replies":[{"embeddable":true,"href":"https:\/\/lyrawellbeing.hu\/hu\/wp-json\/wp\/v2\/comments?post=4695"}],"version-history":[{"count":131,"href":"https:\/\/lyrawellbeing.hu\/hu\/wp-json\/wp\/v2\/pages\/4695\/revisions"}],"predecessor-version":[{"id":7685,"href":"https:\/\/lyrawellbeing.hu\/hu\/wp-json\/wp\/v2\/pages\/4695\/revisions\/7685"}],"wp:attachment":[{"href":"https:\/\/lyrawellbeing.hu\/hu\/wp-json\/wp\/v2\/media?parent=4695"}],"curies":[{"name":"wp","href":"https:\/\/api.w.org\/{rel}","templated":true}]}}