{"id":4676,"date":"2024-02-07T10:49:15","date_gmt":"2024-02-07T10:49:15","guid":{"rendered":"http:\/\/lyrawellbeingdhu.swedencentral.cloudapp.azure.com\/?page_id=4676"},"modified":"2024-02-29T09:44:04","modified_gmt":"2024-02-29T09:44:04","slug":"environmental-and-sustainability-policy","status":"publish","type":"page","link":"https:\/\/lyrawellbeing.hu\/hu\/environmental-and-sustainability-policy\/","title":{"rendered":"Environmental and Sustainability Policy"},"content":{"rendered":"<div data-elementor-type=\"wp-page\" data-elementor-id=\"4676\" class=\"elementor elementor-4676\">\n\t\t\t\t\t\t<section class=\"elementor-section elementor-top-section elementor-element elementor-element-52ff067 elementor-section-boxed elementor-section-height-default elementor-section-height-default\" data-id=\"52ff067\" data-element_type=\"section\">\n\t\t\t\t\t\t<div class=\"elementor-container elementor-column-gap-custom\">\n\t\t\t\t\t<div class=\"elementor-column elementor-col-100 elementor-top-column elementor-element elementor-element-f7a0cd5\" data-id=\"f7a0cd5\" data-element_type=\"column\">\n\t\t\t<div class=\"elementor-widget-wrap elementor-element-populated\">\n\t\t\t\t\t\t<section class=\"elementor-section elementor-inner-section elementor-element elementor-element-6b8710a elementor-section-boxed elementor-section-height-default elementor-section-height-default\" data-id=\"6b8710a\" data-element_type=\"section\">\n\t\t\t\t\t\t<div class=\"elementor-container elementor-column-gap-no\">\n\t\t\t\t\t<div class=\"elementor-column elementor-col-100 elementor-inner-column elementor-element elementor-element-f625e0f\" data-id=\"f625e0f\" data-element_type=\"column\">\n\t\t\t<div class=\"elementor-widget-wrap elementor-element-populated\">\n\t\t\t\t\t\t<div class=\"elementor-element elementor-element-dec08bc elementor-widget elementor-widget-heading\" data-id=\"dec08bc\" data-element_type=\"widget\" data-widget_type=\"heading.default\">\n\t\t\t\t<div class=\"elementor-widget-container\">\n\t\t\t\t\t<h3 class=\"elementor-heading-title elementor-size-default\">Environmental and Sustainability Policy<\/h3>\t\t\t\t<\/div>\n\t\t\t\t<\/div>\n\t\t\t\t\t<\/div>\n\t\t<\/div>\n\t\t\t\t\t<\/div>\n\t\t<\/section>\n\t\t\t\t<section class=\"elementor-section elementor-inner-section elementor-element elementor-element-d3fc9cf elementor-section-boxed elementor-section-height-default elementor-section-height-default\" data-id=\"d3fc9cf\" data-element_type=\"section\">\n\t\t\t\t\t\t<div class=\"elementor-container elementor-column-gap-no\">\n\t\t\t\t\t<div class=\"elementor-column elementor-col-100 elementor-inner-column elementor-element elementor-element-5ddc535\" data-id=\"5ddc535\" data-element_type=\"column\">\n\t\t\t<div class=\"elementor-widget-wrap elementor-element-populated\">\n\t\t\t\t\t\t<div class=\"elementor-element elementor-element-956e523 elementor-widget elementor-widget-heading\" data-id=\"956e523\" data-element_type=\"widget\" data-widget_type=\"heading.default\">\n\t\t\t\t<div class=\"elementor-widget-container\">\n\t\t\t\t\t<h3 class=\"elementor-heading-title elementor-size-default\">1. Purpose<\/h3>\t\t\t\t<\/div>\n\t\t\t\t<\/div>\n\t\t\t\t<div class=\"elementor-element elementor-element-9b33d8a elementor-widget elementor-widget-text-editor\" data-id=\"9b33d8a\" data-element_type=\"widget\" data-widget_type=\"text-editor.default\">\n\t\t\t\t<div class=\"elementor-widget-container\">\n\t\t\t\t\t\t\t\t\t<p>1.1 Lyra International recognises that it has an impact on the world. From our business practices and how we run our offices, through to how we treat our people and the communities we engage with around the world.<br \/><br \/>1.2 It is important to all here at Lyra International that we act in a sustainable way which allows us to continue to meet our high expectations in providing high-quality care to our clients.<\/p>\t\t\t\t\t\t\t\t<\/div>\n\t\t\t\t<\/div>\n\t\t\t\t\t<\/div>\n\t\t<\/div>\n\t\t\t\t\t<\/div>\n\t\t<\/section>\n\t\t\t\t<section class=\"elementor-section elementor-inner-section elementor-element elementor-element-11fedd3 elementor-section-boxed elementor-section-height-default elementor-section-height-default\" data-id=\"11fedd3\" data-element_type=\"section\">\n\t\t\t\t\t\t<div class=\"elementor-container elementor-column-gap-no\">\n\t\t\t\t\t<div class=\"elementor-column elementor-col-100 elementor-inner-column elementor-element elementor-element-9d1b1ce\" data-id=\"9d1b1ce\" data-element_type=\"column\">\n\t\t\t<div class=\"elementor-widget-wrap elementor-element-populated\">\n\t\t\t\t\t\t<div class=\"elementor-element elementor-element-8fec6a0 elementor-widget elementor-widget-heading\" data-id=\"8fec6a0\" data-element_type=\"widget\" data-widget_type=\"heading.default\">\n\t\t\t\t<div class=\"elementor-widget-container\">\n\t\t\t\t\t<h3 class=\"elementor-heading-title elementor-size-default\">2. Policy Statement<\/h3>\t\t\t\t<\/div>\n\t\t\t\t<\/div>\n\t\t\t\t<div class=\"elementor-element elementor-element-dd02db9 elementor-widget elementor-widget-text-editor\" data-id=\"dd02db9\" data-element_type=\"widget\" data-widget_type=\"text-editor.default\">\n\t\t\t\t<div class=\"elementor-widget-container\">\n\t\t\t\t\t\t\t\t\t<p>2.1 We are committed to reducing our environmental impact and continually improving our environmental performance. This is an integral part of our business strategy and operating method which requires regular review.<\/p>\t\t\t\t\t\t\t\t<\/div>\n\t\t\t\t<\/div>\n\t\t\t\t\t<\/div>\n\t\t<\/div>\n\t\t\t\t\t<\/div>\n\t\t<\/section>\n\t\t\t\t<section class=\"elementor-section elementor-inner-section elementor-element elementor-element-9086264 elementor-section-boxed elementor-section-height-default elementor-section-height-default\" data-id=\"9086264\" data-element_type=\"section\">\n\t\t\t\t\t\t<div class=\"elementor-container elementor-column-gap-no\">\n\t\t\t\t\t<div class=\"elementor-column elementor-col-100 elementor-inner-column elementor-element elementor-element-5f04334\" data-id=\"5f04334\" data-element_type=\"column\">\n\t\t\t<div class=\"elementor-widget-wrap elementor-element-populated\">\n\t\t\t\t\t\t<div class=\"elementor-element elementor-element-df27ce2 elementor-widget elementor-widget-heading\" data-id=\"df27ce2\" data-element_type=\"widget\" data-widget_type=\"heading.default\">\n\t\t\t\t<div class=\"elementor-widget-container\">\n\t\t\t\t\t<h3 class=\"elementor-heading-title elementor-size-default\">3. Our Environment<\/h3>\t\t\t\t<\/div>\n\t\t\t\t<\/div>\n\t\t\t\t<div class=\"elementor-element elementor-element-3fb53f7 elementor-widget elementor-widget-text-editor\" data-id=\"3fb53f7\" data-element_type=\"widget\" data-widget_type=\"text-editor.default\">\n\t\t\t\t<div class=\"elementor-widget-container\">\n\t\t\t\t\t\t\t\t\t<p>3.1 We are committed to reducing our environmental impact and becoming a sustainable organisation.<br \/><br \/>3.2 We engage with our staff to raise awareness and work with our suppliers to ensure their services are responsibly sourced also.<br \/><br \/>3.3 We will continue to comply with the relevant environmental legislation, and endeavour to exceed the requirements by continually monitoring our impact. Where improvements can be made, we will act quickly to make the necessary changes.<br \/><br \/>3.4 Lyra International continually looks to experts for guidance and support on environmental issues, such as the Carbon Trust for advice on how best Lyra International help reduce our impact. <br \/><br \/>3.5 The initiatives already underway include, (where possible) reducing and modernising our property portfolio, encouraging recycling among staff, and making better and more efficient use of our technology. <\/p>\t\t\t\t\t\t\t\t<\/div>\n\t\t\t\t<\/div>\n\t\t\t\t\t<\/div>\n\t\t<\/div>\n\t\t\t\t\t<\/div>\n\t\t<\/section>\n\t\t\t\t<section class=\"elementor-section elementor-inner-section elementor-element elementor-element-3386595 elementor-section-boxed elementor-section-height-default elementor-section-height-default\" data-id=\"3386595\" data-element_type=\"section\">\n\t\t\t\t\t\t<div class=\"elementor-container elementor-column-gap-no\">\n\t\t\t\t\t<div class=\"elementor-column elementor-col-100 elementor-inner-column elementor-element elementor-element-5a3926e\" data-id=\"5a3926e\" data-element_type=\"column\">\n\t\t\t<div class=\"elementor-widget-wrap elementor-element-populated\">\n\t\t\t\t\t\t<div class=\"elementor-element elementor-element-b35c4bb elementor-widget elementor-widget-heading\" data-id=\"b35c4bb\" data-element_type=\"widget\" data-widget_type=\"heading.default\">\n\t\t\t\t<div class=\"elementor-widget-container\">\n\t\t\t\t\t<h3 class=\"elementor-heading-title elementor-size-default\">4. Office supplies<\/h3>\t\t\t\t<\/div>\n\t\t\t\t<\/div>\n\t\t\t\t<div class=\"elementor-element elementor-element-533ad97 elementor-widget elementor-widget-text-editor\" data-id=\"533ad97\" data-element_type=\"widget\" data-widget_type=\"text-editor.default\">\n\t\t\t\t<div class=\"elementor-widget-container\">\n\t\t\t\t\t\t\t\t\t<p>4.1 We are striving towards becoming a paper-free office and electronic filing is encouraged across the network where this is possible.<br \/><br \/>4.2 If any packaging is needed, recyclable products are used and we will aim to reduce the use of these products as much as possible.<br \/><br \/>4.3 All new office needs will be evaluated before any purchase is made, and if the requirement can be satisfied without the need for new supplies this will be arranged. <br \/><br \/>4.4 Lyra International will favour environmentally friendly and efficient products and will reuse and recycle where we are able to. <\/p>\t\t\t\t\t\t\t\t<\/div>\n\t\t\t\t<\/div>\n\t\t\t\t\t<\/div>\n\t\t<\/div>\n\t\t\t\t\t<\/div>\n\t\t<\/section>\n\t\t\t\t<section class=\"elementor-section elementor-inner-section elementor-element elementor-element-3dda0dc elementor-section-boxed elementor-section-height-default elementor-section-height-default\" data-id=\"3dda0dc\" data-element_type=\"section\">\n\t\t\t\t\t\t<div class=\"elementor-container elementor-column-gap-no\">\n\t\t\t\t\t<div class=\"elementor-column elementor-col-100 elementor-inner-column elementor-element elementor-element-24dad3f\" data-id=\"24dad3f\" data-element_type=\"column\">\n\t\t\t<div class=\"elementor-widget-wrap elementor-element-populated\">\n\t\t\t\t\t\t<div class=\"elementor-element elementor-element-4ad14aa elementor-widget elementor-widget-heading\" data-id=\"4ad14aa\" data-element_type=\"widget\" data-widget_type=\"heading.default\">\n\t\t\t\t<div class=\"elementor-widget-container\">\n\t\t\t\t\t<h3 class=\"elementor-heading-title elementor-size-default\">5. Office spaces<\/h3>\t\t\t\t<\/div>\n\t\t\t\t<\/div>\n\t\t\t\t<div class=\"elementor-element elementor-element-dbfaa16 elementor-widget elementor-widget-text-editor\" data-id=\"dbfaa16\" data-element_type=\"widget\" data-widget_type=\"text-editor.default\">\n\t\t\t\t<div class=\"elementor-widget-container\">\n\t\t\t\t\t\t\t\t\t<p>5.1 Our office providers based in London have a rigorous Environment and Building Sustainability policy, which accessible via their <a href=\"https:\/\/workargyll.com\/sustainability\">website<\/a>. They are also a member of the UK Green Building Council, whose mission is to improve the sustainability of the built-up environment. Within the policy they have highlighted their aim to reduce their carbon footprint, working to achieve Net Zero Carbon and zero waste to landfill. Lyra International will support our office providers as much as possible to help them achieve their ambitious environmental objectives.<\/p><p>\u00a0<\/p><p>5.2 In 2021 our largest operations in South Africa recently moved to a new green building. This means that the office considers its impact on the environment, takes necessary measures to ensure the energy used is efficient and where possible, looks to lower emissions.<br \/><br \/><\/p><p>5.3 We will only use licensed and appropriate organisations to dispose of waste.<\/p>\t\t\t\t\t\t\t\t<\/div>\n\t\t\t\t<\/div>\n\t\t\t\t\t<\/div>\n\t\t<\/div>\n\t\t\t\t\t<\/div>\n\t\t<\/section>\n\t\t\t\t<section class=\"elementor-section elementor-inner-section elementor-element elementor-element-f29e88d elementor-section-boxed elementor-section-height-default elementor-section-height-default\" data-id=\"f29e88d\" data-element_type=\"section\">\n\t\t\t\t\t\t<div class=\"elementor-container elementor-column-gap-no\">\n\t\t\t\t\t<div class=\"elementor-column elementor-col-100 elementor-inner-column elementor-element elementor-element-e2236aa\" data-id=\"e2236aa\" data-element_type=\"column\">\n\t\t\t<div class=\"elementor-widget-wrap elementor-element-populated\">\n\t\t\t\t\t\t<div class=\"elementor-element elementor-element-a3221d6 elementor-widget elementor-widget-heading\" data-id=\"a3221d6\" data-element_type=\"widget\" data-widget_type=\"heading.default\">\n\t\t\t\t<div class=\"elementor-widget-container\">\n\t\t\t\t\t<h3 class=\"elementor-heading-title elementor-size-default\">6. Travel<\/h3>\t\t\t\t<\/div>\n\t\t\t\t<\/div>\n\t\t\t\t<div class=\"elementor-element elementor-element-0cf9789 elementor-widget elementor-widget-text-editor\" data-id=\"0cf9789\" data-element_type=\"widget\" data-widget_type=\"text-editor.default\">\n\t\t\t\t<div class=\"elementor-widget-container\">\n\t\t\t\t\t\t\t\t\t<p>6.1 As a result of the COVID-19 pandemic more and more of our colleagues are working remotely, and or using a \u2018hybrid model\u2019, therefore reducing the day-to-day travel to and from the offices. Lyra International is keen to continue this model to maximise the benefits on the environment.<br \/><br \/><\/p><p>6.2 International travel is restricted to necessary trips only, and where possible sustainable methods of transportation are used.\u00a0<\/p>\t\t\t\t\t\t\t\t<\/div>\n\t\t\t\t<\/div>\n\t\t\t\t\t<\/div>\n\t\t<\/div>\n\t\t\t\t\t<\/div>\n\t\t<\/section>\n\t\t\t\t<section class=\"elementor-section elementor-inner-section elementor-element elementor-element-7dfa82a elementor-section-boxed elementor-section-height-default elementor-section-height-default\" data-id=\"7dfa82a\" data-element_type=\"section\">\n\t\t\t\t\t\t<div class=\"elementor-container elementor-column-gap-no\">\n\t\t\t\t\t<div class=\"elementor-column elementor-col-100 elementor-inner-column elementor-element elementor-element-d4bf591\" data-id=\"d4bf591\" data-element_type=\"column\">\n\t\t\t<div class=\"elementor-widget-wrap elementor-element-populated\">\n\t\t\t\t\t\t<div class=\"elementor-element elementor-element-c9cef4c elementor-widget elementor-widget-heading\" data-id=\"c9cef4c\" data-element_type=\"widget\" data-widget_type=\"heading.default\">\n\t\t\t\t<div class=\"elementor-widget-container\">\n\t\t\t\t\t<h3 class=\"elementor-heading-title elementor-size-default\">7. Our people and our community<\/h3>\t\t\t\t<\/div>\n\t\t\t\t<\/div>\n\t\t\t\t<div class=\"elementor-element elementor-element-0faee42 elementor-widget elementor-widget-text-editor\" data-id=\"0faee42\" data-element_type=\"widget\" data-widget_type=\"text-editor.default\">\n\t\t\t\t<div class=\"elementor-widget-container\">\n\t\t\t\t\t\t\t\t\t<p>7.1 We actively encourage our people to have an open dialogue with senior leaders on all matters, including our environmental policy for greater commitment to this policy. <br \/><br \/><\/p><p>7.2 If applicable, relevant staff members will receive environmental training to broaden awareness and compliance. <br \/><br \/><\/p><p>7.3 Within our sphere of influence, we will work with our connections such as our suppliers, contractors and any sub-contractors to improve their environmental policies and overall performance on this issue. Lyra International is committed to use local labour and materials to reduce our CO2 emissions and further help communities. <\/p>\t\t\t\t\t\t\t\t<\/div>\n\t\t\t\t<\/div>\n\t\t\t\t\t<\/div>\n\t\t<\/div>\n\t\t\t\t\t<\/div>\n\t\t<\/section>\n\t\t\t\t<section class=\"elementor-section elementor-inner-section elementor-element elementor-element-55f587b elementor-section-boxed elementor-section-height-default elementor-section-height-default\" data-id=\"55f587b\" data-element_type=\"section\">\n\t\t\t\t\t\t<div class=\"elementor-container elementor-column-gap-no\">\n\t\t\t\t\t<div class=\"elementor-column elementor-col-100 elementor-inner-column elementor-element elementor-element-0cab9de\" data-id=\"0cab9de\" data-element_type=\"column\">\n\t\t\t<div class=\"elementor-widget-wrap elementor-element-populated\">\n\t\t\t\t\t\t<div class=\"elementor-element elementor-element-159e209 elementor-widget elementor-widget-heading\" data-id=\"159e209\" data-element_type=\"widget\" data-widget_type=\"heading.default\">\n\t\t\t\t<div class=\"elementor-widget-container\">\n\t\t\t\t\t<h3 class=\"elementor-heading-title elementor-size-default\">8. Document control<\/h3>\t\t\t\t<\/div>\n\t\t\t\t<\/div>\n\t\t\t\t<div class=\"elementor-element elementor-element-331a185 elementor-widget elementor-widget-text-editor\" data-id=\"331a185\" data-element_type=\"widget\" data-widget_type=\"text-editor.default\">\n\t\t\t\t<div class=\"elementor-widget-container\">\n\t\t\t\t\t\t\t\t\t<p>8.1 Contact details for questions and suggestions<br \/><br \/>Email: globalcompliance@lyrahealth.com.<\/p>\t\t\t\t\t\t\t\t<\/div>\n\t\t\t\t<\/div>\n\t\t\t\t\t<\/div>\n\t\t<\/div>\n\t\t\t\t\t<\/div>\n\t\t<\/section>\n\t\t\t\t\t<\/div>\n\t\t<\/div>\n\t\t\t\t\t<\/div>\n\t\t<\/section>\n\t\t\t\t<\/div>","protected":false},"excerpt":{"rendered":"<p>Environmental and Sustainability Policy 1. Purpose 1.1 Lyra International recognises that it has an impact on the world. From our business practices and how we run our offices, through to how we treat our people and the communities we engage with around the world. 1.2&#8230;<\/p>","protected":false},"author":5,"featured_media":0,"parent":0,"menu_order":0,"comment_status":"closed","ping_status":"closed","template":"full_width.php","meta":{"footnotes":""},"class_list":["post-4676","page","type-page","status-publish","hentry"],"yoast_head":"<!-- This site is optimized with the Yoast SEO plugin v25.3.1 - https:\/\/yoast.com\/wordpress\/plugins\/seo\/ -->\n<title>Environmental and Sustainability Policy - Lyra Hungary<\/title>\n<meta name=\"description\" content=\"Lyra Hungary - Environmental and Sustainability Policy\" \/>\n<meta name=\"robots\" content=\"index, follow, max-snippet:-1, max-image-preview:large, max-video-preview:-1\" \/>\n<link rel=\"canonical\" href=\"https:\/\/lyrawellbeing.hu\/hu\/environmental-and-sustainability-policy\/\" \/>\n<meta property=\"og:locale\" content=\"hu_HU\" \/>\n<meta property=\"og:type\" content=\"article\" \/>\n<meta property=\"og:title\" content=\"Environmental and Sustainability Policy - Lyra Hungary\" \/>\n<meta property=\"og:description\" content=\"Lyra Hungary - Environmental and Sustainability Policy\" \/>\n<meta property=\"og:url\" content=\"https:\/\/lyrawellbeing.hu\/hu\/environmental-and-sustainability-policy\/\" \/>\n<meta property=\"og:site_name\" content=\"Lyra Hungary\" \/>\n<meta property=\"article:modified_time\" content=\"2024-02-29T09:44:04+00:00\" \/>\n<meta property=\"og:image\" content=\"https:\/\/lyrawellbeing.hu\/wp-content\/uploads\/2025\/06\/LyraHungary_Teal.png\" \/>\n\t<meta property=\"og:image:width\" content=\"310\" \/>\n\t<meta property=\"og:image:height\" content=\"187\" \/>\n\t<meta property=\"og:image:type\" content=\"image\/png\" \/>\n<meta name=\"twitter:card\" content=\"summary_large_image\" \/>\n<meta name=\"twitter:label1\" content=\"Becs\u00fclt olvas\u00e1si id\u0151\" \/>\n\t<meta name=\"twitter:data1\" content=\"3 perc\" \/>\n<script type=\"application\/ld+json\" class=\"yoast-schema-graph\">{\"@context\":\"https:\/\/schema.org\",\"@graph\":[{\"@type\":\"WebPage\",\"@id\":\"https:\/\/lyrawellbeing.hu\/environmental-and-sustainability-policy\/\",\"url\":\"https:\/\/lyrawellbeing.hu\/environmental-and-sustainability-policy\/\",\"name\":\"Environmental and Sustainability Policy - Lyra Hungary\",\"isPartOf\":{\"@id\":\"https:\/\/lyrawellbeing.hu\/#website\"},\"datePublished\":\"2024-02-07T10:49:15+00:00\",\"dateModified\":\"2024-02-29T09:44:04+00:00\",\"description\":\"Lyra Hungary - Environmental and Sustainability Policy\",\"breadcrumb\":{\"@id\":\"https:\/\/lyrawellbeing.hu\/environmental-and-sustainability-policy\/#breadcrumb\"},\"inLanguage\":\"hu\",\"potentialAction\":[{\"@type\":\"ReadAction\",\"target\":[\"https:\/\/lyrawellbeing.hu\/environmental-and-sustainability-policy\/\"]}]},{\"@type\":\"BreadcrumbList\",\"@id\":\"https:\/\/lyrawellbeing.hu\/environmental-and-sustainability-policy\/#breadcrumb\",\"itemListElement\":[{\"@type\":\"ListItem\",\"position\":1,\"name\":\"Home\",\"item\":\"https:\/\/lyrawellbeing.hu\/\"},{\"@type\":\"ListItem\",\"position\":2,\"name\":\"Environmental and Sustainability Policy\"}]},{\"@type\":\"WebSite\",\"@id\":\"https:\/\/lyrawellbeing.hu\/#website\",\"url\":\"https:\/\/lyrawellbeing.hu\/\",\"name\":\"Lyra Hungary\",\"description\":\"A Lyra Health Company\",\"publisher\":{\"@id\":\"https:\/\/lyrawellbeing.hu\/#organization\"},\"potentialAction\":[{\"@type\":\"SearchAction\",\"target\":{\"@type\":\"EntryPoint\",\"urlTemplate\":\"https:\/\/lyrawellbeing.hu\/?s={search_term_string}\"},\"query-input\":{\"@type\":\"PropertyValueSpecification\",\"valueRequired\":true,\"valueName\":\"search_term_string\"}}],\"inLanguage\":\"hu\"},{\"@type\":\"Organization\",\"@id\":\"https:\/\/lyrawellbeing.hu\/#organization\",\"name\":\"Lyra Hungary\",\"url\":\"https:\/\/lyrawellbeing.hu\/\",\"logo\":{\"@type\":\"ImageObject\",\"inLanguage\":\"hu\",\"@id\":\"https:\/\/lyrawellbeing.hu\/#\/schema\/logo\/image\/\",\"url\":\"https:\/\/lyrawellbeing.hu\/wp-content\/uploads\/2025\/06\/LyraHungary_Teal.png\",\"contentUrl\":\"https:\/\/lyrawellbeing.hu\/wp-content\/uploads\/2025\/06\/LyraHungary_Teal.png\",\"width\":310,\"height\":187,\"caption\":\"Lyra Hungary\"},\"image\":{\"@id\":\"https:\/\/lyrawellbeing.hu\/#\/schema\/logo\/image\/\"}}]}<\/script>\n<!-- \/ Yoast SEO plugin. -->","yoast_head_json":{"title":"Environmental and Sustainability Policy - Lyra Hungary","description":"Lyra Hungary - Environmental and Sustainability Policy","robots":{"index":"index","follow":"follow","max-snippet":"max-snippet:-1","max-image-preview":"max-image-preview:large","max-video-preview":"max-video-preview:-1"},"canonical":"https:\/\/lyrawellbeing.hu\/hu\/environmental-and-sustainability-policy\/","og_locale":"hu_HU","og_type":"article","og_title":"Environmental and Sustainability Policy - Lyra Hungary","og_description":"Lyra Hungary - Environmental and Sustainability Policy","og_url":"https:\/\/lyrawellbeing.hu\/hu\/environmental-and-sustainability-policy\/","og_site_name":"Lyra Hungary","article_modified_time":"2024-02-29T09:44:04+00:00","og_image":[{"width":310,"height":187,"url":"https:\/\/lyrawellbeing.hu\/wp-content\/uploads\/2025\/06\/LyraHungary_Teal.png","type":"image\/png"}],"twitter_card":"summary_large_image","twitter_misc":{"Becs\u00fclt olvas\u00e1si id\u0151":"3 perc"},"schema":{"@context":"https:\/\/schema.org","@graph":[{"@type":"WebPage","@id":"https:\/\/lyrawellbeing.hu\/environmental-and-sustainability-policy\/","url":"https:\/\/lyrawellbeing.hu\/environmental-and-sustainability-policy\/","name":"Environmental and Sustainability Policy - Lyra Hungary","isPartOf":{"@id":"https:\/\/lyrawellbeing.hu\/#website"},"datePublished":"2024-02-07T10:49:15+00:00","dateModified":"2024-02-29T09:44:04+00:00","description":"Lyra Hungary - Environmental and Sustainability Policy","breadcrumb":{"@id":"https:\/\/lyrawellbeing.hu\/environmental-and-sustainability-policy\/#breadcrumb"},"inLanguage":"hu","potentialAction":[{"@type":"ReadAction","target":["https:\/\/lyrawellbeing.hu\/environmental-and-sustainability-policy\/"]}]},{"@type":"BreadcrumbList","@id":"https:\/\/lyrawellbeing.hu\/environmental-and-sustainability-policy\/#breadcrumb","itemListElement":[{"@type":"ListItem","position":1,"name":"Home","item":"https:\/\/lyrawellbeing.hu\/"},{"@type":"ListItem","position":2,"name":"Environmental and Sustainability Policy"}]},{"@type":"WebSite","@id":"https:\/\/lyrawellbeing.hu\/#website","url":"https:\/\/lyrawellbeing.hu\/","name":"Lyra Hungary","description":"A Lyra Health Company","publisher":{"@id":"https:\/\/lyrawellbeing.hu\/#organization"},"potentialAction":[{"@type":"SearchAction","target":{"@type":"EntryPoint","urlTemplate":"https:\/\/lyrawellbeing.hu\/?s={search_term_string}"},"query-input":{"@type":"PropertyValueSpecification","valueRequired":true,"valueName":"search_term_string"}}],"inLanguage":"hu"},{"@type":"Organization","@id":"https:\/\/lyrawellbeing.hu\/#organization","name":"Lyra Hungary","url":"https:\/\/lyrawellbeing.hu\/","logo":{"@type":"ImageObject","inLanguage":"hu","@id":"https:\/\/lyrawellbeing.hu\/#\/schema\/logo\/image\/","url":"https:\/\/lyrawellbeing.hu\/wp-content\/uploads\/2025\/06\/LyraHungary_Teal.png","contentUrl":"https:\/\/lyrawellbeing.hu\/wp-content\/uploads\/2025\/06\/LyraHungary_Teal.png","width":310,"height":187,"caption":"Lyra Hungary"},"image":{"@id":"https:\/\/lyrawellbeing.hu\/#\/schema\/logo\/image\/"}}]}},"_links":{"self":[{"href":"https:\/\/lyrawellbeing.hu\/hu\/wp-json\/wp\/v2\/pages\/4676","targetHints":{"allow":["GET"]}}],"collection":[{"href":"https:\/\/lyrawellbeing.hu\/hu\/wp-json\/wp\/v2\/pages"}],"about":[{"href":"https:\/\/lyrawellbeing.hu\/hu\/wp-json\/wp\/v2\/types\/page"}],"author":[{"embeddable":true,"href":"https:\/\/lyrawellbeing.hu\/hu\/wp-json\/wp\/v2\/users\/5"}],"replies":[{"embeddable":true,"href":"https:\/\/lyrawellbeing.hu\/hu\/wp-json\/wp\/v2\/comments?post=4676"}],"version-history":[{"count":16,"href":"https:\/\/lyrawellbeing.hu\/hu\/wp-json\/wp\/v2\/pages\/4676\/revisions"}],"predecessor-version":[{"id":6244,"href":"https:\/\/lyrawellbeing.hu\/hu\/wp-json\/wp\/v2\/pages\/4676\/revisions\/6244"}],"wp:attachment":[{"href":"https:\/\/lyrawellbeing.hu\/hu\/wp-json\/wp\/v2\/media?parent=4676"}],"curies":[{"name":"wp","href":"https:\/\/api.w.org\/{rel}","templated":true}]}}