{"id":4441,"date":"2024-02-06T07:49:06","date_gmt":"2024-02-06T07:49:06","guid":{"rendered":"http:\/\/lyrawellbeingdhu.swedencentral.cloudapp.azure.com\/?page_id=4441"},"modified":"2025-10-17T14:55:35","modified_gmt":"2025-10-17T13:55:35","slug":"contact-us","status":"publish","type":"page","link":"https:\/\/lyrawellbeing.hu\/hu\/contact-us\/","title":{"rendered":"Contact Us"},"content":{"rendered":"<div data-elementor-type=\"wp-page\" data-elementor-id=\"4441\" class=\"elementor elementor-4441\">\n\t\t\t\t\t\t<section class=\"elementor-section elementor-top-section elementor-element elementor-element-52ff067 elementor-section-boxed elementor-section-height-default elementor-section-height-default\" data-id=\"52ff067\" data-element_type=\"section\">\n\t\t\t\t\t\t<div class=\"elementor-container elementor-column-gap-custom\">\n\t\t\t\t\t<div class=\"elementor-column elementor-col-100 elementor-top-column elementor-element elementor-element-f7a0cd5\" data-id=\"f7a0cd5\" data-element_type=\"column\">\n\t\t\t<div class=\"elementor-widget-wrap elementor-element-populated\">\n\t\t\t\t\t\t<section class=\"elementor-section elementor-inner-section elementor-element elementor-element-bc67e97 elementor-section-boxed elementor-section-height-default elementor-section-height-default\" data-id=\"bc67e97\" data-element_type=\"section\">\n\t\t\t\t\t\t<div class=\"elementor-container elementor-column-gap-no\">\n\t\t\t\t\t<div class=\"elementor-column elementor-col-50 elementor-inner-column elementor-element elementor-element-450d619\" data-id=\"450d619\" data-element_type=\"column\">\n\t\t\t<div class=\"elementor-widget-wrap elementor-element-populated\">\n\t\t\t\t\t\t<div class=\"elementor-element elementor-element-677a3d7 header-on-page elementor-widget elementor-widget-heading\" data-id=\"677a3d7\" data-element_type=\"widget\" data-widget_type=\"heading.default\">\n\t\t\t\t<div class=\"elementor-widget-container\">\n\t\t\t\t\t<h2 class=\"elementor-heading-title elementor-size-default\">L\u00e9pjen vel\u00fcnk kapcsolatba<\/h2>\t\t\t\t<\/div>\n\t\t\t\t<\/div>\n\t\t\t\t<div class=\"elementor-element elementor-element-07e03b4 elementor-widget elementor-widget-text-editor\" data-id=\"07e03b4\" data-element_type=\"widget\" data-widget_type=\"text-editor.default\">\n\t\t\t\t<div class=\"elementor-widget-container\">\n\t\t\t\t\t\t\t\t\t<p>K\u00e9rj\u00fck, haszn\u00e1lja az k\u00e9relem adatlapot az el\u00e9r\u00e9s\u00fcnkre, \u00e9s\u2028mi r\u00f6videsen v\u00e1laszolunk.<\/p>\t\t\t\t\t\t\t\t<\/div>\n\t\t\t\t<\/div>\n\t\t\t\t<div class=\"elementor-element elementor-element-fad53b4 elementor-widget elementor-widget-image\" data-id=\"fad53b4\" data-element_type=\"widget\" data-widget_type=\"image.default\">\n\t\t\t\t<div class=\"elementor-widget-container\">\n\t\t\t\t\t\t\t\t\t\t\t\t\t\t\t<img fetchpriority=\"high\" decoding=\"async\" width=\"1024\" height=\"706\" src=\"https:\/\/lyrawellbeing.hu\/wp-content\/uploads\/2024\/02\/contact-us-2-1024x706.webp\" class=\"attachment-large size-large wp-image-5502\" alt=\"\" srcset=\"https:\/\/lyrawellbeing.hu\/wp-content\/uploads\/2024\/02\/contact-us-2-1024x706.webp 1024w, https:\/\/lyrawellbeing.hu\/wp-content\/uploads\/2024\/02\/contact-us-2-300x207.webp 300w, https:\/\/lyrawellbeing.hu\/wp-content\/uploads\/2024\/02\/contact-us-2-768x530.webp 768w, https:\/\/lyrawellbeing.hu\/wp-content\/uploads\/2024\/02\/contact-us-2-700x483.webp 700w, https:\/\/lyrawellbeing.hu\/wp-content\/uploads\/2024\/02\/contact-us-2.webp 1160w\" sizes=\"(max-width: 1024px) 100vw, 1024px\" \/>\t\t\t\t\t\t\t\t\t\t\t\t\t\t\t<\/div>\n\t\t\t\t<\/div>\n\t\t\t\t\t<\/div>\n\t\t<\/div>\n\t\t\t\t<div class=\"elementor-column elementor-col-50 elementor-inner-column elementor-element elementor-element-8429212\" data-id=\"8429212\" data-element_type=\"column\">\n\t\t\t<div class=\"elementor-widget-wrap elementor-element-populated\">\n\t\t\t\t\t\t<div class=\"elementor-element elementor-element-a490761 elementor-widget elementor-widget-html\" data-id=\"a490761\" data-element_type=\"widget\" data-widget_type=\"html.default\">\n\t\t\t\t<div class=\"elementor-widget-container\">\n\t\t\t\t\t<script src=\"https:\/\/salmon-bush-0be525203-staging.westeurope.6.azurestaticapps.net\/assets\/widget\/lyra-form-widget.js\"><\/script>\r\n\r\n<div id=\"v-contact-us-form\"><\/div>\r\n\r\n<script>\r\ndocument.addEventListener(\"DOMContentLoaded\", function () {\r\n    const esSegment = \"\/hu\/\";\r\nvar elem = document.getElementById(\"v-contact-us-form\");\r\n    if (window.location.href.includes(esSegment)) {\r\n      elem.innerHTML = `<lyra-form-widget type=\"Contact Us\" country=\"Magyarorsz\u00e1g\" lang=\"hu\" redirect=\"https:\/\/lyrawellbeing.hu\/hu\/general-inquiry-message-sent\/\" email1=\"info.hungary@lyrahealth.com\" privacypolicylink=\"https:\/\/lyrawellbeing.hu\/hu\/privacy-policy\/\" termsandconditionslink=\"https:\/\/lyrawellbeing.hu\/hu\/lyra-international-portal-terms-and-conditions\/\"><\/lyra-form-widget>`;\r\n    }\r\n    else{\r\n      elem.innerHTML = `<lyra-form-widget type=\"Contact Us\" country=\"Hungary\" redirect=\"https:\/\/lyrawellbeing.hu\/general-inquiry-message-sent\/\" email1=\"info.hungary@lyrahealth.com\" privacypolicylink=\"https:\/\/lyrawellbeing.hu\/privacy-policy\/\" termsandconditionslink=\"https:\/\/lyrawellbeing.hu\/lyra-international-portal-terms-and-conditions\/\"><\/lyra-form-widget>`;\r\n    }\r\n});\r\n<\/script>\t\t\t\t<\/div>\n\t\t\t\t<\/div>\n\t\t\t\t\t<\/div>\n\t\t<\/div>\n\t\t\t\t\t<\/div>\n\t\t<\/section>\n\t\t\t\t\t<\/div>\n\t\t<\/div>\n\t\t\t\t\t<\/div>\n\t\t<\/section>\n\t\t\t\t<section class=\"elementor-section elementor-top-section elementor-element elementor-element-98f31f9 elementor-section-boxed elementor-section-height-default elementor-section-height-default\" data-id=\"98f31f9\" data-element_type=\"section\" data-settings=\"{&quot;background_background&quot;:&quot;classic&quot;}\">\n\t\t\t\t\t\t<div class=\"elementor-container elementor-column-gap-no\">\n\t\t\t\t\t<div class=\"elementor-column elementor-col-100 elementor-top-column elementor-element elementor-element-67ca3fb\" data-id=\"67ca3fb\" data-element_type=\"column\" data-settings=\"{&quot;background_background&quot;:&quot;classic&quot;}\">\n\t\t\t<div class=\"elementor-widget-wrap elementor-element-populated\">\n\t\t\t\t\t\t<div class=\"elementor-element elementor-element-5485a4c elementor-widget elementor-widget-html\" data-id=\"5485a4c\" data-element_type=\"widget\" data-widget_type=\"html.default\">\n\t\t\t\t<div class=\"elementor-widget-container\">\n\t\t\t\t\t<style>\n@media only screen and (max-width: 600px) {\n.centre-elements{\n    margin-inline:20px !important;\n}\n}\n.centre-elements{\n    width: fit-content !important;\n    margin-inline: auto;\n}\n.centre-elements>div{\n    display: flex;\n    flex-direction: column;\n    align-items: flex-start;\n}\n<\/style>\t\t\t\t<\/div>\n\t\t\t\t<\/div>\n\t\t\t\t<section class=\"elementor-section elementor-inner-section elementor-element elementor-element-9b77e35 elementor-section-boxed elementor-section-height-default elementor-section-height-default\" data-id=\"9b77e35\" data-element_type=\"section\">\n\t\t\t\t\t\t<div class=\"elementor-container elementor-column-gap-default\">\n\t\t\t\t\t<div class=\"elementor-column elementor-col-33 elementor-inner-column elementor-element elementor-element-3f17c29\" data-id=\"3f17c29\" data-element_type=\"column\">\n\t\t\t<div class=\"elementor-widget-wrap elementor-element-populated\">\n\t\t\t\t\t\t<section class=\"elementor-section elementor-inner-section elementor-element elementor-element-512b69e elementor-section-full_width elementor-section-content-middle elementor-section-height-default elementor-section-height-default\" data-id=\"512b69e\" data-element_type=\"section\">\n\t\t\t\t\t\t<div class=\"elementor-container elementor-column-gap-no\">\n\t\t\t\t\t<div class=\"elementor-column elementor-col-100 elementor-inner-column elementor-element elementor-element-7229bd4 centre-elements\" data-id=\"7229bd4\" data-element_type=\"column\">\n\t\t\t<div class=\"elementor-widget-wrap elementor-element-populated\">\n\t\t\t\t\t\t<div class=\"elementor-element elementor-element-a1f57cb elementor-widget__width-inherit elementor-widget elementor-widget-heading\" data-id=\"a1f57cb\" data-element_type=\"widget\" data-widget_type=\"heading.default\">\n\t\t\t\t<div class=\"elementor-widget-container\">\n\t\t\t\t\t<h3 class=\"elementor-heading-title elementor-size-default\">C\u00cdM<\/h3>\t\t\t\t<\/div>\n\t\t\t\t<\/div>\n\t\t\t\t<div class=\"elementor-element elementor-element-854b00a elementor-widget__width-inherit elementor-widget elementor-widget-text-editor\" data-id=\"854b00a\" data-element_type=\"widget\" data-widget_type=\"text-editor.default\">\n\t\t\t\t<div class=\"elementor-widget-container\">\n\t\t\t\t\t\t\t\t\t<p>1062 Budapest,<\/p><p>Andr\u00e1ssy \u00fat 132.<\/p><p>Fsz. 1. ajt\u00f3\u2028<\/p>\t\t\t\t\t\t\t\t<\/div>\n\t\t\t\t<\/div>\n\t\t\t\t\t<\/div>\n\t\t<\/div>\n\t\t\t\t\t<\/div>\n\t\t<\/section>\n\t\t\t\t\t<\/div>\n\t\t<\/div>\n\t\t\t\t<div class=\"elementor-column elementor-col-33 elementor-inner-column elementor-element elementor-element-9a94d96\" data-id=\"9a94d96\" data-element_type=\"column\">\n\t\t\t<div class=\"elementor-widget-wrap elementor-element-populated\">\n\t\t\t\t\t\t<section class=\"elementor-section elementor-inner-section elementor-element elementor-element-5ef14bb elementor-section-content-middle elementor-section-boxed elementor-section-height-default elementor-section-height-default\" data-id=\"5ef14bb\" data-element_type=\"section\">\n\t\t\t\t\t\t<div class=\"elementor-container elementor-column-gap-no\">\n\t\t\t\t\t<div class=\"elementor-column elementor-col-100 elementor-inner-column elementor-element elementor-element-4c112c6 centre-elements\" data-id=\"4c112c6\" data-element_type=\"column\">\n\t\t\t<div class=\"elementor-widget-wrap elementor-element-populated\">\n\t\t\t\t\t\t<div class=\"elementor-element elementor-element-c0de396 elementor-widget__width-inherit elementor-widget elementor-widget-heading\" data-id=\"c0de396\" data-element_type=\"widget\" data-widget_type=\"heading.default\">\n\t\t\t\t<div class=\"elementor-widget-container\">\n\t\t\t\t\t<h3 class=\"elementor-heading-title elementor-size-default\">E-MAIL C\u00cdM<\/h3>\t\t\t\t<\/div>\n\t\t\t\t<\/div>\n\t\t\t\t<div class=\"elementor-element elementor-element-f2921af elementor-widget__width-inherit elementor-widget elementor-widget-text-editor\" data-id=\"f2921af\" data-element_type=\"widget\" data-widget_type=\"text-editor.default\">\n\t\t\t\t<div class=\"elementor-widget-container\">\n\t\t\t\t\t\t\t\t\t<p><a href=\"mailto:info.hungary@lyrahealth.com\">info.hungary@lyrahealth.com<\/a><\/p>\t\t\t\t\t\t\t\t<\/div>\n\t\t\t\t<\/div>\n\t\t\t\t\t<\/div>\n\t\t<\/div>\n\t\t\t\t\t<\/div>\n\t\t<\/section>\n\t\t\t\t\t<\/div>\n\t\t<\/div>\n\t\t\t\t<div class=\"elementor-column elementor-col-33 elementor-inner-column elementor-element elementor-element-6b6d6d8\" data-id=\"6b6d6d8\" data-element_type=\"column\">\n\t\t\t<div class=\"elementor-widget-wrap elementor-element-populated\">\n\t\t\t\t\t\t<section class=\"elementor-section elementor-inner-section elementor-element elementor-element-61aa236 elementor-section-full_width elementor-section-content-middle elementor-section-height-default elementor-section-height-default\" data-id=\"61aa236\" data-element_type=\"section\">\n\t\t\t\t\t\t<div class=\"elementor-container elementor-column-gap-no\">\n\t\t\t\t\t<div class=\"elementor-column elementor-col-100 elementor-inner-column elementor-element elementor-element-4423e14 centre-elements\" data-id=\"4423e14\" data-element_type=\"column\">\n\t\t\t<div class=\"elementor-widget-wrap elementor-element-populated\">\n\t\t\t\t\t\t<div class=\"elementor-element elementor-element-a11bb0b elementor-widget__width-inherit elementor-widget elementor-widget-heading\" data-id=\"a11bb0b\" data-element_type=\"widget\" data-widget_type=\"heading.default\">\n\t\t\t\t<div class=\"elementor-widget-container\">\n\t\t\t\t\t<h3 class=\"elementor-heading-title elementor-size-default\">TELEFONSZ\u00c1M<\/h3>\t\t\t\t<\/div>\n\t\t\t\t<\/div>\n\t\t\t\t<div class=\"elementor-element elementor-element-129071e elementor-widget__width-inherit elementor-widget elementor-widget-text-editor\" data-id=\"129071e\" data-element_type=\"widget\" data-widget_type=\"text-editor.default\">\n\t\t\t\t<div class=\"elementor-widget-container\">\n\t\t\t\t\t\t\t\t\t<p><a href=\"tel:36203405234\">+36 20 340 52 34<\/a><\/p>\t\t\t\t\t\t\t\t<\/div>\n\t\t\t\t<\/div>\n\t\t\t\t\t<\/div>\n\t\t<\/div>\n\t\t\t\t\t<\/div>\n\t\t<\/section>\n\t\t\t\t\t<\/div>\n\t\t<\/div>\n\t\t\t\t\t<\/div>\n\t\t<\/section>\n\t\t\t\t<section class=\"elementor-section elementor-inner-section elementor-element elementor-element-d815a95 elementor-section-boxed elementor-section-height-default elementor-section-height-default\" data-id=\"d815a95\" data-element_type=\"section\" data-settings=\"{&quot;background_background&quot;:&quot;classic&quot;}\">\n\t\t\t\t\t\t<div class=\"elementor-container elementor-column-gap-no\">\n\t\t\t\t\t<div class=\"elementor-column elementor-col-100 elementor-inner-column elementor-element elementor-element-3e0133f\" data-id=\"3e0133f\" data-element_type=\"column\" data-settings=\"{&quot;background_background&quot;:&quot;classic&quot;}\">\n\t\t\t<div class=\"elementor-widget-wrap elementor-element-populated\">\n\t\t\t\t\t\t<div class=\"elementor-element elementor-element-499e1b5 elementor-widget elementor-widget-html\" data-id=\"499e1b5\" data-element_type=\"widget\" data-widget_type=\"html.default\">\n\t\t\t\t<div class=\"elementor-widget-container\">\n\t\t\t\t\t<iframe src=\"https:\/\/snazzymaps.com\/embed\/586631\" width=\"100%\" height=\"600px\" style=\"border:none;\"><\/iframe>\t\t\t\t<\/div>\n\t\t\t\t<\/div>\n\t\t\t\t\t<\/div>\n\t\t<\/div>\n\t\t\t\t\t<\/div>\n\t\t<\/section>\n\t\t\t\t\t<\/div>\n\t\t<\/div>\n\t\t\t\t\t<\/div>\n\t\t<\/section>\n\t\t\t\t<\/div>","protected":false},"excerpt":{"rendered":"<p>Contact us Please use the inquiry form to contact us and we will reply to you as soon as possible. ADDRESS 1062 Budapest, Andr\u00e1ssy \u00fat 132. Fsz. 1. ajt\u00f3\u2028 EMAIL ADDRESS info.hungary@lyrahealth.com PHONE NUMBER +36 20 340 52 34<\/p>","protected":false},"author":5,"featured_media":0,"parent":0,"menu_order":0,"comment_status":"closed","ping_status":"closed","template":"full_width.php","meta":{"footnotes":""},"class_list":["post-4441","page","type-page","status-publish","hentry"],"yoast_head":"<!-- This site is optimized with the Yoast SEO plugin v25.3.1 - https:\/\/yoast.com\/wordpress\/plugins\/seo\/ -->\n<title>Contact Us - Lyra Hungary<\/title>\n<meta name=\"description\" content=\"Lyra Hungary - Contact Us\" \/>\n<meta name=\"robots\" content=\"index, follow, max-snippet:-1, max-image-preview:large, max-video-preview:-1\" \/>\n<link rel=\"canonical\" href=\"https:\/\/lyrawellbeing.hu\/hu\/contact-us\/\" \/>\n<meta property=\"og:locale\" content=\"hu_HU\" \/>\n<meta property=\"og:type\" content=\"article\" \/>\n<meta property=\"og:title\" content=\"Contact Us - Lyra Hungary\" \/>\n<meta property=\"og:description\" content=\"Lyra Hungary - Contact Us\" \/>\n<meta property=\"og:url\" content=\"https:\/\/lyrawellbeing.hu\/hu\/contact-us\/\" \/>\n<meta property=\"og:site_name\" content=\"Lyra Hungary\" \/>\n<meta property=\"article:modified_time\" content=\"2025-10-17T13:55:35+00:00\" \/>\n<meta property=\"og:image\" content=\"https:\/\/lyrawellbeing.hu\/wp-content\/uploads\/2024\/02\/contact-us-2.webp\" \/>\n\t<meta property=\"og:image:width\" content=\"1160\" \/>\n\t<meta property=\"og:image:height\" content=\"800\" \/>\n\t<meta property=\"og:image:type\" content=\"image\/webp\" \/>\n<meta name=\"twitter:card\" content=\"summary_large_image\" \/>\n<meta name=\"twitter:label1\" content=\"Becs\u00fclt olvas\u00e1si id\u0151\" \/>\n\t<meta name=\"twitter:data1\" content=\"1 perc\" \/>\n<script type=\"application\/ld+json\" class=\"yoast-schema-graph\">{\"@context\":\"https:\/\/schema.org\",\"@graph\":[{\"@type\":\"WebPage\",\"@id\":\"https:\/\/lyrawellbeing.hu\/contact-us\/\",\"url\":\"https:\/\/lyrawellbeing.hu\/contact-us\/\",\"name\":\"Contact Us - Lyra Hungary\",\"isPartOf\":{\"@id\":\"https:\/\/lyrawellbeing.hu\/#website\"},\"primaryImageOfPage\":{\"@id\":\"https:\/\/lyrawellbeing.hu\/contact-us\/#primaryimage\"},\"image\":{\"@id\":\"https:\/\/lyrawellbeing.hu\/contact-us\/#primaryimage\"},\"thumbnailUrl\":\"http:\/\/lyrawellbeing.hu\/wp-content\/uploads\/2024\/02\/contact-us-2-1024x706.webp\",\"datePublished\":\"2024-02-06T07:49:06+00:00\",\"dateModified\":\"2025-10-17T13:55:35+00:00\",\"description\":\"Lyra Hungary - Contact Us\",\"breadcrumb\":{\"@id\":\"https:\/\/lyrawellbeing.hu\/contact-us\/#breadcrumb\"},\"inLanguage\":\"hu\",\"potentialAction\":[{\"@type\":\"ReadAction\",\"target\":[\"https:\/\/lyrawellbeing.hu\/contact-us\/\"]}]},{\"@type\":\"ImageObject\",\"inLanguage\":\"hu\",\"@id\":\"https:\/\/lyrawellbeing.hu\/contact-us\/#primaryimage\",\"url\":\"http:\/\/lyrawellbeing.hu\/wp-content\/uploads\/2024\/02\/contact-us-2-1024x706.webp\",\"contentUrl\":\"http:\/\/lyrawellbeing.hu\/wp-content\/uploads\/2024\/02\/contact-us-2-1024x706.webp\"},{\"@type\":\"BreadcrumbList\",\"@id\":\"https:\/\/lyrawellbeing.hu\/contact-us\/#breadcrumb\",\"itemListElement\":[{\"@type\":\"ListItem\",\"position\":1,\"name\":\"Home\",\"item\":\"https:\/\/lyrawellbeing.hu\/\"},{\"@type\":\"ListItem\",\"position\":2,\"name\":\"Contact Us\"}]},{\"@type\":\"WebSite\",\"@id\":\"https:\/\/lyrawellbeing.hu\/#website\",\"url\":\"https:\/\/lyrawellbeing.hu\/\",\"name\":\"Lyra Hungary\",\"description\":\"A Lyra Health Company\",\"publisher\":{\"@id\":\"https:\/\/lyrawellbeing.hu\/#organization\"},\"potentialAction\":[{\"@type\":\"SearchAction\",\"target\":{\"@type\":\"EntryPoint\",\"urlTemplate\":\"https:\/\/lyrawellbeing.hu\/?s={search_term_string}\"},\"query-input\":{\"@type\":\"PropertyValueSpecification\",\"valueRequired\":true,\"valueName\":\"search_term_string\"}}],\"inLanguage\":\"hu\"},{\"@type\":\"Organization\",\"@id\":\"https:\/\/lyrawellbeing.hu\/#organization\",\"name\":\"Lyra Hungary\",\"url\":\"https:\/\/lyrawellbeing.hu\/\",\"logo\":{\"@type\":\"ImageObject\",\"inLanguage\":\"hu\",\"@id\":\"https:\/\/lyrawellbeing.hu\/#\/schema\/logo\/image\/\",\"url\":\"https:\/\/lyrawellbeing.hu\/wp-content\/uploads\/2025\/06\/LyraHungary_Teal.png\",\"contentUrl\":\"https:\/\/lyrawellbeing.hu\/wp-content\/uploads\/2025\/06\/LyraHungary_Teal.png\",\"width\":310,\"height\":187,\"caption\":\"Lyra Hungary\"},\"image\":{\"@id\":\"https:\/\/lyrawellbeing.hu\/#\/schema\/logo\/image\/\"}}]}<\/script>\n<!-- \/ Yoast SEO plugin. -->","yoast_head_json":{"title":"Contact Us - Lyra Hungary","description":"Lyra Hungary - Contact Us","robots":{"index":"index","follow":"follow","max-snippet":"max-snippet:-1","max-image-preview":"max-image-preview:large","max-video-preview":"max-video-preview:-1"},"canonical":"https:\/\/lyrawellbeing.hu\/hu\/contact-us\/","og_locale":"hu_HU","og_type":"article","og_title":"Contact Us - Lyra Hungary","og_description":"Lyra Hungary - Contact Us","og_url":"https:\/\/lyrawellbeing.hu\/hu\/contact-us\/","og_site_name":"Lyra Hungary","article_modified_time":"2025-10-17T13:55:35+00:00","og_image":[{"width":1160,"height":800,"url":"https:\/\/lyrawellbeing.hu\/wp-content\/uploads\/2024\/02\/contact-us-2.webp","type":"image\/webp"}],"twitter_card":"summary_large_image","twitter_misc":{"Becs\u00fclt olvas\u00e1si id\u0151":"1 perc"},"schema":{"@context":"https:\/\/schema.org","@graph":[{"@type":"WebPage","@id":"https:\/\/lyrawellbeing.hu\/contact-us\/","url":"https:\/\/lyrawellbeing.hu\/contact-us\/","name":"Contact Us - Lyra Hungary","isPartOf":{"@id":"https:\/\/lyrawellbeing.hu\/#website"},"primaryImageOfPage":{"@id":"https:\/\/lyrawellbeing.hu\/contact-us\/#primaryimage"},"image":{"@id":"https:\/\/lyrawellbeing.hu\/contact-us\/#primaryimage"},"thumbnailUrl":"http:\/\/lyrawellbeing.hu\/wp-content\/uploads\/2024\/02\/contact-us-2-1024x706.webp","datePublished":"2024-02-06T07:49:06+00:00","dateModified":"2025-10-17T13:55:35+00:00","description":"Lyra Hungary - Contact Us","breadcrumb":{"@id":"https:\/\/lyrawellbeing.hu\/contact-us\/#breadcrumb"},"inLanguage":"hu","potentialAction":[{"@type":"ReadAction","target":["https:\/\/lyrawellbeing.hu\/contact-us\/"]}]},{"@type":"ImageObject","inLanguage":"hu","@id":"https:\/\/lyrawellbeing.hu\/contact-us\/#primaryimage","url":"http:\/\/lyrawellbeing.hu\/wp-content\/uploads\/2024\/02\/contact-us-2-1024x706.webp","contentUrl":"http:\/\/lyrawellbeing.hu\/wp-content\/uploads\/2024\/02\/contact-us-2-1024x706.webp"},{"@type":"BreadcrumbList","@id":"https:\/\/lyrawellbeing.hu\/contact-us\/#breadcrumb","itemListElement":[{"@type":"ListItem","position":1,"name":"Home","item":"https:\/\/lyrawellbeing.hu\/"},{"@type":"ListItem","position":2,"name":"Contact Us"}]},{"@type":"WebSite","@id":"https:\/\/lyrawellbeing.hu\/#website","url":"https:\/\/lyrawellbeing.hu\/","name":"Lyra Hungary","description":"A Lyra Health Company","publisher":{"@id":"https:\/\/lyrawellbeing.hu\/#organization"},"potentialAction":[{"@type":"SearchAction","target":{"@type":"EntryPoint","urlTemplate":"https:\/\/lyrawellbeing.hu\/?s={search_term_string}"},"query-input":{"@type":"PropertyValueSpecification","valueRequired":true,"valueName":"search_term_string"}}],"inLanguage":"hu"},{"@type":"Organization","@id":"https:\/\/lyrawellbeing.hu\/#organization","name":"Lyra Hungary","url":"https:\/\/lyrawellbeing.hu\/","logo":{"@type":"ImageObject","inLanguage":"hu","@id":"https:\/\/lyrawellbeing.hu\/#\/schema\/logo\/image\/","url":"https:\/\/lyrawellbeing.hu\/wp-content\/uploads\/2025\/06\/LyraHungary_Teal.png","contentUrl":"https:\/\/lyrawellbeing.hu\/wp-content\/uploads\/2025\/06\/LyraHungary_Teal.png","width":310,"height":187,"caption":"Lyra Hungary"},"image":{"@id":"https:\/\/lyrawellbeing.hu\/#\/schema\/logo\/image\/"}}]}},"_links":{"self":[{"href":"https:\/\/lyrawellbeing.hu\/hu\/wp-json\/wp\/v2\/pages\/4441","targetHints":{"allow":["GET"]}}],"collection":[{"href":"https:\/\/lyrawellbeing.hu\/hu\/wp-json\/wp\/v2\/pages"}],"about":[{"href":"https:\/\/lyrawellbeing.hu\/hu\/wp-json\/wp\/v2\/types\/page"}],"author":[{"embeddable":true,"href":"https:\/\/lyrawellbeing.hu\/hu\/wp-json\/wp\/v2\/users\/5"}],"replies":[{"embeddable":true,"href":"https:\/\/lyrawellbeing.hu\/hu\/wp-json\/wp\/v2\/comments?post=4441"}],"version-history":[{"count":274,"href":"https:\/\/lyrawellbeing.hu\/hu\/wp-json\/wp\/v2\/pages\/4441\/revisions"}],"predecessor-version":[{"id":7848,"href":"https:\/\/lyrawellbeing.hu\/hu\/wp-json\/wp\/v2\/pages\/4441\/revisions\/7848"}],"wp:attachment":[{"href":"https:\/\/lyrawellbeing.hu\/hu\/wp-json\/wp\/v2\/media?parent=4441"}],"curies":[{"name":"wp","href":"https:\/\/api.w.org\/{rel}","templated":true}]}}